{"id":1541,"date":"2025-01-22T15:43:18","date_gmt":"2025-01-22T15:43:18","guid":{"rendered":"https:\/\/test.vilanovaenlinia.cat\/espai-jove-can-muscons\/"},"modified":"2025-06-11T21:21:52","modified_gmt":"2025-06-11T21:21:52","slug":"espai-jove-can-muscons","status":"publish","type":"page","link":"https:\/\/test.vilanovaenlinia.cat\/es\/espai-jove-can-muscons\/","title":{"rendered":"Espai Jove Can Muscons"},"content":{"rendered":"\t\t<div data-elementor-type=\"wp-page\" data-elementor-id=\"1541\" class=\"elementor elementor-1541 elementor-1439\" data-elementor-post-type=\"page\">\n\t\t\t\t<div class=\"elementor-element elementor-element-0bfc8e4 e-flex e-con-boxed qodef-elementor-content-no e-con e-parent\" data-id=\"0bfc8e4\" data-element_type=\"container\" data-settings=\"{&quot;jet_parallax_layout_list&quot;:[]}\">\n\t\t\t\t\t<div class=\"e-con-inner\">\n\t\t\t\t<div class=\"elementor-element elementor-element-01ac3a5 elementor-widget elementor-widget-heading\" data-id=\"01ac3a5\" data-element_type=\"widget\" data-widget_type=\"heading.default\">\n\t\t\t\t<div class=\"elementor-widget-container\">\n\t\t\t\t\t<h3 class=\"elementor-heading-title elementor-size-default\">Descubre todos los talleres de <\/h3>\t\t\t\t<\/div>\n\t\t\t\t<\/div>\n\t\t\t\t<div class=\"elementor-element elementor-element-0d9d940 elementor-widget elementor-widget-qi_addons_for_elementor_animated_text\" data-id=\"0d9d940\" data-element_type=\"widget\" data-widget_type=\"qi_addons_for_elementor_animated_text.default\">\n\t\t\t\t<div class=\"elementor-widget-container\">\n\t\t\t\t\t<div class=\"qodef-shortcode qodef-m qodef-qi-animated-text qodef--animated-by-word qodef--alignment-center qodef-qi--has-appear qodef--appear-from-bottom\" >\n\t\t<h1 class=\"qodef-m-title\">\n\t\t<span class=\"qodef-e-word\">Verano<\/span> <span class=\"qodef-e-word\">Jove<\/span>\t<\/h1>\n<\/div>\n\t\t\t\t<\/div>\n\t\t\t\t<\/div>\n\t\t\t\t<div class=\"woocommerce elementor-element elementor-element-68b7896 elementor-grid-4 elementor-grid-tablet-3 elementor-grid-mobile-1 elementor-widget elementor-widget-loop-grid\" data-id=\"68b7896\" data-element_type=\"widget\" data-settings=\"{&quot;template_id&quot;:853,&quot;columns&quot;:4,&quot;pagination_type&quot;:&quot;load_more_on_click&quot;,&quot;columns_tablet&quot;:3,&quot;_skin&quot;:&quot;product&quot;,&quot;columns_mobile&quot;:&quot;1&quot;,&quot;edit_handle_selector&quot;:&quot;[data-elementor-type=\\&quot;loop-item\\&quot;]&quot;,&quot;load_more_spinner&quot;:{&quot;value&quot;:&quot;fas fa-spinner&quot;,&quot;library&quot;:&quot;fa-solid&quot;},&quot;row_gap&quot;:{&quot;unit&quot;:&quot;px&quot;,&quot;size&quot;:&quot;&quot;,&quot;sizes&quot;:[]},&quot;row_gap_widescreen&quot;:{&quot;unit&quot;:&quot;px&quot;,&quot;size&quot;:&quot;&quot;,&quot;sizes&quot;:[]},&quot;row_gap_laptop&quot;:{&quot;unit&quot;:&quot;px&quot;,&quot;size&quot;:&quot;&quot;,&quot;sizes&quot;:[]},&quot;row_gap_tablet_extra&quot;:{&quot;unit&quot;:&quot;px&quot;,&quot;size&quot;:&quot;&quot;,&quot;sizes&quot;:[]},&quot;row_gap_tablet&quot;:{&quot;unit&quot;:&quot;px&quot;,&quot;size&quot;:&quot;&quot;,&quot;sizes&quot;:[]},&quot;row_gap_mobile_extra&quot;:{&quot;unit&quot;:&quot;px&quot;,&quot;size&quot;:&quot;&quot;,&quot;sizes&quot;:[]},&quot;row_gap_mobile&quot;:{&quot;unit&quot;:&quot;px&quot;,&quot;size&quot;:&quot;&quot;,&quot;sizes&quot;:[]}}\" data-widget_type=\"loop-grid.product\">\n\t\t\t\t<div class=\"elementor-widget-container\">\n\t\t\t\t\t\t\t<div class=\"e-loop-nothing-found-message\">\n\t\t<\/div>\n\t\t\t\t\t\t<\/div>\n\t\t\t\t<\/div>\n\t\t\t\t\t<\/div>\n\t\t\t\t<\/div>\n\t\t<div class=\"elementor-element elementor-element-17ffed3 e-flex e-con-boxed qodef-elementor-content-no e-con e-parent\" data-id=\"17ffed3\" data-element_type=\"container\" data-settings=\"{&quot;jet_parallax_layout_list&quot;:[],&quot;background_background&quot;:&quot;classic&quot;}\">\n\t\t\t\t\t<div class=\"e-con-inner\">\n\t\t\t\t<div class=\"elementor-element elementor-element-e82ee51 elementor-widget elementor-widget-heading\" data-id=\"e82ee51\" data-element_type=\"widget\" data-widget_type=\"heading.default\">\n\t\t\t\t<div class=\"elementor-widget-container\">\n\t\t\t\t\t<h3 class=\"elementor-heading-title elementor-size-default\">Descubre todos los talleres de <\/h3>\t\t\t\t<\/div>\n\t\t\t\t<\/div>\n\t\t\t\t<div class=\"elementor-element elementor-element-d2b4be5 elementor-widget elementor-widget-qi_addons_for_elementor_animated_text\" data-id=\"d2b4be5\" data-element_type=\"widget\" data-widget_type=\"qi_addons_for_elementor_animated_text.default\">\n\t\t\t\t<div class=\"elementor-widget-container\">\n\t\t\t\t\t<div class=\"qodef-shortcode qodef-m qodef-qi-animated-text qodef--animated-by-word qodef--alignment-center qodef-qi--has-appear qodef--appear-from-bottom\" >\n\t\t<h1 class=\"qodef-m-title\">\n\t\t<span class=\"qodef-e-word\">Espai<\/span> <span class=\"qodef-e-word\">Jove<\/span> <span class=\"qodef-e-word\">Can<\/span> <span class=\"qodef-e-word\">Muscons<\/span>\t<\/h1>\n<\/div>\n\t\t\t\t<\/div>\n\t\t\t\t<\/div>\n\t\t\t\t<div class=\"woocommerce elementor-element elementor-element-e524be2 elementor-grid-4 elementor-grid-tablet-3 elementor-grid-mobile-1 elementor-widget elementor-widget-loop-grid\" data-id=\"e524be2\" data-element_type=\"widget\" data-settings=\"{&quot;template_id&quot;:1539,&quot;columns&quot;:4,&quot;pagination_type&quot;:&quot;load_more_on_click&quot;,&quot;columns_tablet&quot;:3,&quot;_skin&quot;:&quot;product&quot;,&quot;columns_mobile&quot;:&quot;1&quot;,&quot;edit_handle_selector&quot;:&quot;[data-elementor-type=\\&quot;loop-item\\&quot;]&quot;,&quot;load_more_spinner&quot;:{&quot;value&quot;:&quot;fas fa-spinner&quot;,&quot;library&quot;:&quot;fa-solid&quot;},&quot;row_gap&quot;:{&quot;unit&quot;:&quot;px&quot;,&quot;size&quot;:&quot;&quot;,&quot;sizes&quot;:[]},&quot;row_gap_widescreen&quot;:{&quot;unit&quot;:&quot;px&quot;,&quot;size&quot;:&quot;&quot;,&quot;sizes&quot;:[]},&quot;row_gap_laptop&quot;:{&quot;unit&quot;:&quot;px&quot;,&quot;size&quot;:&quot;&quot;,&quot;sizes&quot;:[]},&quot;row_gap_tablet_extra&quot;:{&quot;unit&quot;:&quot;px&quot;,&quot;size&quot;:&quot;&quot;,&quot;sizes&quot;:[]},&quot;row_gap_tablet&quot;:{&quot;unit&quot;:&quot;px&quot;,&quot;size&quot;:&quot;&quot;,&quot;sizes&quot;:[]},&quot;row_gap_mobile_extra&quot;:{&quot;unit&quot;:&quot;px&quot;,&quot;size&quot;:&quot;&quot;,&quot;sizes&quot;:[]},&quot;row_gap_mobile&quot;:{&quot;unit&quot;:&quot;px&quot;,&quot;size&quot;:&quot;&quot;,&quot;sizes&quot;:[]}}\" data-widget_type=\"loop-grid.product\">\n\t\t\t\t<div class=\"elementor-widget-container\">\n\t\t\t\t\t\t\t<div class=\"e-loop-nothing-found-message\">\n\t\t<\/div>\n\t\t\t\t\t\t<\/div>\n\t\t\t\t<\/div>\n\t\t\t\t\t<\/div>\n\t\t\t\t<\/div>\n\t\t<div class=\"elementor-element elementor-element-e0c5902 elementor-hidden-widescreen elementor-hidden-desktop elementor-hidden-laptop elementor-hidden-tablet_extra elementor-hidden-tablet elementor-hidden-mobile_extra elementor-hidden-mobile e-flex e-con-boxed qodef-elementor-content-no e-con e-parent\" data-id=\"e0c5902\" data-element_type=\"container\" data-settings=\"{&quot;jet_parallax_layout_list&quot;:[],&quot;background_background&quot;:&quot;classic&quot;}\">\n\t\t\t\t\t<div class=\"e-con-inner\">\n\t\t\t\t<div class=\"elementor-element elementor-element-1f05712 elementor-widget elementor-widget-qi_addons_for_elementor_animated_text\" data-id=\"1f05712\" data-element_type=\"widget\" data-widget_type=\"qi_addons_for_elementor_animated_text.default\">\n\t\t\t\t<div class=\"elementor-widget-container\">\n\t\t\t\t\t<div class=\"qodef-shortcode qodef-m qodef-qi-animated-text qodef--animated-by-word qodef--alignment-center qodef-qi--has-appear qodef--appear-from-bottom\" >\n\t\t<h1 class=\"qodef-m-title\">\n\t\t<span class=\"qodef-e-word\">Actividades<\/span> <span class=\"qodef-e-word\">8M<\/span>\t<\/h1>\n<\/div>\n\t\t\t\t<\/div>\n\t\t\t\t<\/div>\n\t\t\t\t<div class=\"woocommerce elementor-element elementor-element-76539c3 elementor-grid-4 elementor-grid-tablet-3 elementor-grid-mobile-1 elementor-widget elementor-widget-loop-grid\" data-id=\"76539c3\" data-element_type=\"widget\" data-settings=\"{&quot;template_id&quot;:1537,&quot;columns&quot;:4,&quot;pagination_type&quot;:&quot;load_more_on_click&quot;,&quot;columns_tablet&quot;:3,&quot;_skin&quot;:&quot;product&quot;,&quot;columns_mobile&quot;:&quot;1&quot;,&quot;edit_handle_selector&quot;:&quot;[data-elementor-type=\\&quot;loop-item\\&quot;]&quot;,&quot;load_more_spinner&quot;:{&quot;value&quot;:&quot;fas fa-spinner&quot;,&quot;library&quot;:&quot;fa-solid&quot;},&quot;row_gap&quot;:{&quot;unit&quot;:&quot;px&quot;,&quot;size&quot;:&quot;&quot;,&quot;sizes&quot;:[]},&quot;row_gap_widescreen&quot;:{&quot;unit&quot;:&quot;px&quot;,&quot;size&quot;:&quot;&quot;,&quot;sizes&quot;:[]},&quot;row_gap_laptop&quot;:{&quot;unit&quot;:&quot;px&quot;,&quot;size&quot;:&quot;&quot;,&quot;sizes&quot;:[]},&quot;row_gap_tablet_extra&quot;:{&quot;unit&quot;:&quot;px&quot;,&quot;size&quot;:&quot;&quot;,&quot;sizes&quot;:[]},&quot;row_gap_tablet&quot;:{&quot;unit&quot;:&quot;px&quot;,&quot;size&quot;:&quot;&quot;,&quot;sizes&quot;:[]},&quot;row_gap_mobile_extra&quot;:{&quot;unit&quot;:&quot;px&quot;,&quot;size&quot;:&quot;&quot;,&quot;sizes&quot;:[]},&quot;row_gap_mobile&quot;:{&quot;unit&quot;:&quot;px&quot;,&quot;size&quot;:&quot;&quot;,&quot;sizes&quot;:[]}}\" data-widget_type=\"loop-grid.product\">\n\t\t\t\t<div class=\"elementor-widget-container\">\n\t\t\t\t\t\t\t<div class=\"e-loop-nothing-found-message\">\n\t\t<\/div>\n\t\t\t\t\t\t<\/div>\n\t\t\t\t<\/div>\n\t\t\t\t\t<\/div>\n\t\t\t\t<\/div>\n\t\t<div class=\"elementor-element elementor-element-dccc1cc e-flex e-con-boxed qodef-elementor-content-no e-con e-parent\" data-id=\"dccc1cc\" data-element_type=\"container\" data-settings=\"{&quot;jet_parallax_layout_list&quot;:[]}\">\n\t\t\t\t\t<div class=\"e-con-inner\">\n\t\t\t\t<div class=\"elementor-element elementor-element-57f6004 elementor-widget elementor-widget-heading\" data-id=\"57f6004\" data-element_type=\"widget\" data-widget_type=\"heading.default\">\n\t\t\t\t<div class=\"elementor-widget-container\">\n\t\t\t\t\t<h3 class=\"elementor-heading-title elementor-size-default\">NOVEDADES A <\/h3>\t\t\t\t<\/div>\n\t\t\t\t<\/div>\n\t\t\t\t<div class=\"elementor-element elementor-element-f80cc0e elementor-widget elementor-widget-qi_addons_for_elementor_animated_text\" data-id=\"f80cc0e\" data-element_type=\"widget\" data-widget_type=\"qi_addons_for_elementor_animated_text.default\">\n\t\t\t\t<div class=\"elementor-widget-container\">\n\t\t\t\t\t<div class=\"qodef-shortcode qodef-m qodef-qi-animated-text qodef--animated-by-word qodef--alignment-center qodef-qi--has-appear qodef--appear-from-bottom\" >\n\t\t<h1 class=\"qodef-m-title\">\n\t\t<span class=\"qodef-e-word\">Espai<\/span> <span class=\"qodef-e-word\">Jove<\/span> <span class=\"qodef-e-word\">Can<\/span> <span class=\"qodef-e-word\">Muscons<\/span>\t<\/h1>\n<\/div>\n\t\t\t\t<\/div>\n\t\t\t\t<\/div>\n\t\t\t\t<div class=\"elementor-element elementor-element-e0bf876 elementor-widget elementor-widget-text-editor\" data-id=\"e0bf876\" data-element_type=\"widget\" data-widget_type=\"text-editor.default\">\n\t\t\t\t<div class=\"elementor-widget-container\">\n\t\t\t\t\t\t\t\t\t<h3><strong>Juegos de mesa nuevos:<\/strong><\/h3><p>Twister Air, Story Cubes, Sushi Go, Speed Cubs, el Virus, per fer lettering,<\/p>\t\t\t\t\t\t\t\t<\/div>\n\t\t\t\t<\/div>\n\t\t\t\t<div class=\"elementor-element elementor-element-6b3d378 elementor-widget__width-initial elementor-widget elementor-widget-text-editor\" data-id=\"6b3d378\" data-element_type=\"widget\" data-widget_type=\"text-editor.default\">\n\t\t\t\t<div class=\"elementor-widget-container\">\n\t\t\t\t\t\t\t\t\t<h3><strong>Saco de boxeo:<\/strong><\/h3><p>Como petici\u00f3n de los j\u00f3venes, lo pondremos fuera al aire libre y tendr\u00e1n que pedir el guantes para utilizarlo. Hay que recordar que debemos respetar el material. <\/p>\t\t\t\t\t\t\t\t<\/div>\n\t\t\t\t<\/div>\n\t\t\t\t\t<\/div>\n\t\t\t\t<\/div>\n\t\t\t\t<\/div>\n\t\t","protected":false},"excerpt":{"rendered":"<p>Descubre todos los talleres de Verano Jove Descubre todos los talleres de Espai Jove Can Muscons Actividades 8M NOVEDADES A Espai Jove Can Muscons Juegos de mesa nuevos: Twister Air, Story Cubes, Sushi Go, Speed Cubs, el Virus, per fer lettering, Saco de boxeo: Como petici\u00f3n de los j\u00f3venes, lo pondremos fuera al aire libre [&hellip;]<\/p>\n","protected":false},"author":1,"featured_media":0,"parent":0,"menu_order":0,"comment_status":"closed","ping_status":"closed","template":"","meta":{"_acf_changed":false,"footnotes":""},"class_list":["post-1541","page","type-page","status-publish","hentry"],"acf":[],"yoast_head":"<!-- This site is optimized with the Yoast SEO plugin v25.5 - https:\/\/yoast.com\/wordpress\/plugins\/seo\/ -->\n<title>Espai Jove Can Muscons - Ajuntament de Vilanova del Cam\u00ed<\/title>\n<meta name=\"robots\" content=\"index, follow, max-snippet:-1, max-image-preview:large, max-video-preview:-1\" \/>\n<link rel=\"canonical\" href=\"https:\/\/test.vilanovaenlinia.cat\/es\/espai-jove-can-muscons\/\" \/>\n<meta property=\"og:locale\" content=\"es_ES\" \/>\n<meta property=\"og:type\" content=\"article\" \/>\n<meta property=\"og:title\" content=\"Espai Jove Can Muscons - Ajuntament de Vilanova del Cam\u00ed\" \/>\n<meta property=\"og:description\" content=\"Descubre todos los talleres de Verano Jove Descubre todos los talleres de Espai Jove Can Muscons Actividades 8M NOVEDADES A Espai Jove Can Muscons Juegos de mesa nuevos: Twister Air, Story Cubes, Sushi Go, Speed Cubs, el Virus, per fer lettering, Saco de boxeo: Como petici\u00f3n de los j\u00f3venes, lo pondremos fuera al aire libre [&hellip;]\" \/>\n<meta property=\"og:url\" content=\"https:\/\/test.vilanovaenlinia.cat\/es\/espai-jove-can-muscons\/\" \/>\n<meta property=\"og:site_name\" content=\"Ajuntament de Vilanova del Cam\u00ed\" \/>\n<meta property=\"article:modified_time\" content=\"2025-06-11T21:21:52+00:00\" \/>\n<meta name=\"twitter:card\" content=\"summary_large_image\" \/>\n<script type=\"application\/ld+json\" class=\"yoast-schema-graph\">{\"@context\":\"https:\/\/schema.org\",\"@graph\":[{\"@type\":\"WebPage\",\"@id\":\"https:\/\/test.vilanovaenlinia.cat\/es\/espai-jove-can-muscons\/\",\"url\":\"https:\/\/test.vilanovaenlinia.cat\/es\/espai-jove-can-muscons\/\",\"name\":\"Espai Jove Can Muscons - Ajuntament de Vilanova del Cam\u00ed\",\"isPartOf\":{\"@id\":\"https:\/\/test.vilanovaenlinia.cat\/es\/#website\"},\"datePublished\":\"2025-01-22T15:43:18+00:00\",\"dateModified\":\"2025-06-11T21:21:52+00:00\",\"breadcrumb\":{\"@id\":\"https:\/\/test.vilanovaenlinia.cat\/es\/espai-jove-can-muscons\/#breadcrumb\"},\"inLanguage\":\"es\",\"potentialAction\":[{\"@type\":\"ReadAction\",\"target\":[\"https:\/\/test.vilanovaenlinia.cat\/es\/espai-jove-can-muscons\/\"]}]},{\"@type\":\"BreadcrumbList\",\"@id\":\"https:\/\/test.vilanovaenlinia.cat\/es\/espai-jove-can-muscons\/#breadcrumb\",\"itemListElement\":[{\"@type\":\"ListItem\",\"position\":1,\"name\":\"Portada\",\"item\":\"https:\/\/test.vilanovaenlinia.cat\/es\/\"},{\"@type\":\"ListItem\",\"position\":2,\"name\":\"Espai Jove Can Muscons\"}]},{\"@type\":\"WebSite\",\"@id\":\"https:\/\/test.vilanovaenlinia.cat\/es\/#website\",\"url\":\"https:\/\/test.vilanovaenlinia.cat\/es\/\",\"name\":\"Ajuntament de Vilanova del Cam\u00ed\",\"description\":\"\",\"potentialAction\":[{\"@type\":\"SearchAction\",\"target\":{\"@type\":\"EntryPoint\",\"urlTemplate\":\"https:\/\/test.vilanovaenlinia.cat\/es\/?s={search_term_string}\"},\"query-input\":{\"@type\":\"PropertyValueSpecification\",\"valueRequired\":true,\"valueName\":\"search_term_string\"}}],\"inLanguage\":\"es\"}]}<\/script>\n<!-- \/ Yoast SEO plugin. -->","yoast_head_json":{"title":"Espai Jove Can Muscons - Ajuntament de Vilanova del Cam\u00ed","robots":{"index":"index","follow":"follow","max-snippet":"max-snippet:-1","max-image-preview":"max-image-preview:large","max-video-preview":"max-video-preview:-1"},"canonical":"https:\/\/test.vilanovaenlinia.cat\/es\/espai-jove-can-muscons\/","og_locale":"es_ES","og_type":"article","og_title":"Espai Jove Can Muscons - Ajuntament de Vilanova del Cam\u00ed","og_description":"Descubre todos los talleres de Verano Jove Descubre todos los talleres de Espai Jove Can Muscons Actividades 8M NOVEDADES A Espai Jove Can Muscons Juegos de mesa nuevos: Twister Air, Story Cubes, Sushi Go, Speed Cubs, el Virus, per fer lettering, Saco de boxeo: Como petici\u00f3n de los j\u00f3venes, lo pondremos fuera al aire libre [&hellip;]","og_url":"https:\/\/test.vilanovaenlinia.cat\/es\/espai-jove-can-muscons\/","og_site_name":"Ajuntament de Vilanova del Cam\u00ed","article_modified_time":"2025-06-11T21:21:52+00:00","twitter_card":"summary_large_image","schema":{"@context":"https:\/\/schema.org","@graph":[{"@type":"WebPage","@id":"https:\/\/test.vilanovaenlinia.cat\/es\/espai-jove-can-muscons\/","url":"https:\/\/test.vilanovaenlinia.cat\/es\/espai-jove-can-muscons\/","name":"Espai Jove Can Muscons - Ajuntament de Vilanova del Cam\u00ed","isPartOf":{"@id":"https:\/\/test.vilanovaenlinia.cat\/es\/#website"},"datePublished":"2025-01-22T15:43:18+00:00","dateModified":"2025-06-11T21:21:52+00:00","breadcrumb":{"@id":"https:\/\/test.vilanovaenlinia.cat\/es\/espai-jove-can-muscons\/#breadcrumb"},"inLanguage":"es","potentialAction":[{"@type":"ReadAction","target":["https:\/\/test.vilanovaenlinia.cat\/es\/espai-jove-can-muscons\/"]}]},{"@type":"BreadcrumbList","@id":"https:\/\/test.vilanovaenlinia.cat\/es\/espai-jove-can-muscons\/#breadcrumb","itemListElement":[{"@type":"ListItem","position":1,"name":"Portada","item":"https:\/\/test.vilanovaenlinia.cat\/es\/"},{"@type":"ListItem","position":2,"name":"Espai Jove Can Muscons"}]},{"@type":"WebSite","@id":"https:\/\/test.vilanovaenlinia.cat\/es\/#website","url":"https:\/\/test.vilanovaenlinia.cat\/es\/","name":"Ajuntament de Vilanova del Cam\u00ed","description":"","potentialAction":[{"@type":"SearchAction","target":{"@type":"EntryPoint","urlTemplate":"https:\/\/test.vilanovaenlinia.cat\/es\/?s={search_term_string}"},"query-input":{"@type":"PropertyValueSpecification","valueRequired":true,"valueName":"search_term_string"}}],"inLanguage":"es"}]}},"_links":{"self":[{"href":"https:\/\/test.vilanovaenlinia.cat\/es\/wp-json\/wp\/v2\/pages\/1541","targetHints":{"allow":["GET"]}}],"collection":[{"href":"https:\/\/test.vilanovaenlinia.cat\/es\/wp-json\/wp\/v2\/pages"}],"about":[{"href":"https:\/\/test.vilanovaenlinia.cat\/es\/wp-json\/wp\/v2\/types\/page"}],"author":[{"embeddable":true,"href":"https:\/\/test.vilanovaenlinia.cat\/es\/wp-json\/wp\/v2\/users\/1"}],"replies":[{"embeddable":true,"href":"https:\/\/test.vilanovaenlinia.cat\/es\/wp-json\/wp\/v2\/comments?post=1541"}],"version-history":[{"count":4,"href":"https:\/\/test.vilanovaenlinia.cat\/es\/wp-json\/wp\/v2\/pages\/1541\/revisions"}],"predecessor-version":[{"id":5600,"href":"https:\/\/test.vilanovaenlinia.cat\/es\/wp-json\/wp\/v2\/pages\/1541\/revisions\/5600"}],"wp:attachment":[{"href":"https:\/\/test.vilanovaenlinia.cat\/es\/wp-json\/wp\/v2\/media?parent=1541"}],"curies":[{"name":"wp","href":"https:\/\/api.w.org\/{rel}","templated":true}]}}