{"id":1873,"date":"2025-02-07T09:53:48","date_gmt":"2025-02-07T09:53:48","guid":{"rendered":"https:\/\/test.vilanovaenlinia.cat\/reserva-de-equipamientos-2\/"},"modified":"2025-02-11T14:12:17","modified_gmt":"2025-02-11T14:12:17","slug":"reserva-de-equipamientos","status":"publish","type":"page","link":"https:\/\/test.vilanovaenlinia.cat\/es\/reserva-de-equipamientos\/","title":{"rendered":"Reserva de equipamientos"},"content":{"rendered":"\t\t<div data-elementor-type=\"wp-page\" data-elementor-id=\"1873\" class=\"elementor elementor-1873 elementor-1789\" data-elementor-post-type=\"page\">\n\t\t\t\t<div class=\"elementor-element elementor-element-045f276 e-flex e-con-boxed qodef-elementor-content-no e-con e-parent\" data-id=\"045f276\" data-element_type=\"container\" data-settings=\"{&quot;background_background&quot;:&quot;classic&quot;,&quot;jet_parallax_layout_list&quot;:[]}\">\n\t\t\t\t\t<div class=\"e-con-inner\">\n\t\t\t\t<div class=\"elementor-element elementor-element-f2f0436 elementor-widget elementor-widget-qi_addons_for_elementor_animated_text\" data-id=\"f2f0436\" data-element_type=\"widget\" data-widget_type=\"qi_addons_for_elementor_animated_text.default\">\n\t\t\t\t<div class=\"elementor-widget-container\">\n\t\t\t\t\t<div class=\"qodef-shortcode qodef-m qodef-qi-animated-text qodef--animated-by-word qodef-qi--has-appear qodef--appear-from-bottom\" >\n\t\t<h1 class=\"qodef-m-title\">\n\t\t<span class=\"qodef-e-word\">PISTAS<\/span> <span class=\"qodef-e-word\">DE<\/span> <span class=\"qodef-e-word\">P\u00c1DEL<\/span>\t<\/h1>\n<\/div>\n\t\t\t\t<\/div>\n\t\t\t\t<\/div>\n\t\t\t\t\t<\/div>\n\t\t\t\t<\/div>\n\t\t<div class=\"elementor-element elementor-element-f56360d e-flex e-con-boxed qodef-elementor-content-no e-con e-parent\" data-id=\"f56360d\" data-element_type=\"container\" data-settings=\"{&quot;jet_parallax_layout_list&quot;:[]}\">\n\t\t\t\t\t<div class=\"e-con-inner\">\n\t\t<div class=\"elementor-element elementor-element-5577b7f e-con-full e-flex qodef-elementor-content-no e-con e-child\" data-id=\"5577b7f\" data-element_type=\"container\" data-settings=\"{&quot;sticky&quot;:&quot;top&quot;,&quot;sticky_on&quot;:[&quot;widescreen&quot;,&quot;desktop&quot;,&quot;laptop&quot;,&quot;tablet_extra&quot;,&quot;tablet&quot;,&quot;mobile_extra&quot;],&quot;sticky_offset&quot;:40,&quot;sticky_offset_mobile&quot;:0,&quot;sticky_parent&quot;:&quot;yes&quot;,&quot;jet_parallax_layout_list&quot;:[],&quot;sticky_effects_offset&quot;:0,&quot;sticky_anchor_link_offset&quot;:0}\">\n\t\t\t\t<div class=\"elementor-element elementor-element-0287b31 elementor--h-position-center elementor--v-position-middle elementor-arrows-position-inside elementor-pagination-position-inside elementor-widget elementor-widget-slides\" data-id=\"0287b31\" data-element_type=\"widget\" data-settings=\"{&quot;navigation&quot;:&quot;both&quot;,&quot;autoplay&quot;:&quot;yes&quot;,&quot;pause_on_hover&quot;:&quot;yes&quot;,&quot;pause_on_interaction&quot;:&quot;yes&quot;,&quot;autoplay_speed&quot;:5000,&quot;infinite&quot;:&quot;yes&quot;,&quot;transition&quot;:&quot;slide&quot;,&quot;transition_speed&quot;:500}\" data-widget_type=\"slides.default\">\n\t\t\t\t<div class=\"elementor-widget-container\">\n\t\t\t\t\t\t\t\t\t<div class=\"elementor-swiper\">\n\t\t\t\t\t<div class=\"elementor-slides-wrapper elementor-main-swiper swiper\" role=\"region\" aria-roledescription=\"carousel\" aria-label=\"Diapositives\" dir=\"ltr\" data-animation=\"fadeInUp\">\n\t\t\t\t<div class=\"swiper-wrapper elementor-slides\">\n\t\t\t\t\t\t\t\t\t\t<div class=\"elementor-repeater-item-cbd8e0f swiper-slide\" role=\"group\" aria-roledescription=\"slide\"><div class=\"swiper-slide-bg\" role=\"img\"><\/div><div class=\"swiper-slide-inner\" ><div class=\"swiper-slide-contents\"><\/div><\/div><\/div><div class=\"elementor-repeater-item-5062bc0 swiper-slide\" role=\"group\" aria-roledescription=\"slide\"><div class=\"swiper-slide-bg\" role=\"img\"><\/div><div class=\"swiper-slide-inner\" ><div class=\"swiper-slide-contents\"><\/div><\/div><\/div><div class=\"elementor-repeater-item-1908350 swiper-slide\" role=\"group\" aria-roledescription=\"slide\"><div class=\"swiper-slide-bg\" role=\"img\"><\/div><div class=\"swiper-slide-inner\" ><div class=\"swiper-slide-contents\"><\/div><\/div><\/div>\t\t\t\t<\/div>\n\t\t\t\t\t\t\t\t\t\t\t\t\t\t\t<div class=\"elementor-swiper-button elementor-swiper-button-prev\" role=\"button\" tabindex=\"0\" aria-label=\"Diapositiva anterior\">\n\t\t\t\t\t\t\t<svg aria-hidden=\"true\" class=\"e-font-icon-svg e-eicon-chevron-left\" viewBox=\"0 0 1000 1000\" xmlns=\"http:\/\/www.w3.org\/2000\/svg\"><path d=\"M646 125C629 125 613 133 604 142L308 442C296 454 292 471 292 487 292 504 296 521 308 533L604 854C617 867 629 875 646 875 663 875 679 871 692 858 704 846 713 829 713 812 713 796 708 779 692 767L438 487 692 225C700 217 708 204 708 187 708 171 704 154 692 142 675 129 663 125 646 125Z\"><\/path><\/svg>\t\t\t\t\t\t<\/div>\n\t\t\t\t\t\t<div class=\"elementor-swiper-button elementor-swiper-button-next\" role=\"button\" tabindex=\"0\" aria-label=\"Diapositiva siguiente\">\n\t\t\t\t\t\t\t<svg aria-hidden=\"true\" class=\"e-font-icon-svg e-eicon-chevron-right\" viewBox=\"0 0 1000 1000\" xmlns=\"http:\/\/www.w3.org\/2000\/svg\"><path d=\"M696 533C708 521 713 504 713 487 713 471 708 454 696 446L400 146C388 133 375 125 354 125 338 125 325 129 313 142 300 154 292 171 292 187 292 204 296 221 308 233L563 492 304 771C292 783 288 800 288 817 288 833 296 850 308 863 321 871 338 875 354 875 371 875 388 867 400 854L696 533Z\"><\/path><\/svg>\t\t\t\t\t\t<\/div>\n\t\t\t\t\t\t\t\t\t\t\t\t\t\t\t\t<div class=\"swiper-pagination\"><\/div>\n\t\t\t\t\t\t\t\t\t\t\t\t<\/div>\n\t\t\t\t<\/div>\n\t\t\t\t\t\t\t\t<\/div>\n\t\t\t\t<\/div>\n\t\t\t\t<\/div>\n\t\t<div class=\"elementor-element elementor-element-da404cf e-con-full e-flex qodef-elementor-content-no e-con e-child\" data-id=\"da404cf\" data-element_type=\"container\" data-settings=\"{&quot;jet_parallax_layout_list&quot;:[]}\">\n\t\t\t\t<div class=\"elementor-element elementor-element-dcf32a1 elementor-widget elementor-widget-heading\" data-id=\"dcf32a1\" data-element_type=\"widget\" data-widget_type=\"heading.default\">\n\t\t\t\t<div class=\"elementor-widget-container\">\n\t\t\t\t\t<h2 class=\"elementor-heading-title elementor-size-default\">PISTAS DE P\u00c1DEL<\/h2>\t\t\t\t<\/div>\n\t\t\t\t<\/div>\n\t\t<div class=\"elementor-element elementor-element-7144c8b e-con-full elementor-hidden-widescreen elementor-hidden-desktop elementor-hidden-laptop elementor-hidden-tablet_extra elementor-hidden-tablet elementor-hidden-mobile_extra elementor-hidden-mobile e-flex qodef-elementor-content-no e-con e-child\" data-id=\"7144c8b\" data-element_type=\"container\" data-settings=\"{&quot;background_background&quot;:&quot;classic&quot;,&quot;jet_parallax_layout_list&quot;:[]}\">\n\t\t\t\t<div class=\"elementor-element elementor-element-b6d4e4c elementor-widget elementor-widget-text-editor\" data-id=\"b6d4e4c\" data-element_type=\"widget\" data-widget_type=\"text-editor.default\">\n\t\t\t\t<div class=\"elementor-widget-container\">\n\t\t\t\t\t\t\t\t\t<p class=\"p1\">Para realizar la reserva de la pista de p\u00e1del, p\u00f3ngase en contacto con Esports Vilanova: 938054411 extensi\u00f3n 1, de 8 a 15:00 h.<br \/>Disculpad las molestias.<\/p>\n\t\t\t\t\t\t\t\t<\/div>\n\t\t\t\t<\/div>\n\t\t\t\t<\/div>\n\t\t\t\t<div class=\"elementor-element elementor-element-bd6f250 elementor-widget elementor-widget-text-editor\" data-id=\"bd6f250\" data-element_type=\"widget\" data-widget_type=\"text-editor.default\">\n\t\t\t\t<div class=\"elementor-widget-container\">\n\t\t\t\t\t\t\t\t\t<strong>HORARIOS:<\/strong>\n<p class=\"p1\"><b>Lunes, mi\u00e9rcoles y viernes no festivos<\/b><\/p>\n\n<ul class=\"ul1\">\n \t<li class=\"li1\">De 10:30 a 12:30 h<\/li>\n \t<li class=\"li1\">De 15:30 a 20:30 h<\/li>\n<\/ul>\n<br><p class=\"p1\">Los d\u00edas festivos, las pistas permanecer\u00e1n cerradas<\/p>\t\t\t\t\t\t\t\t<\/div>\n\t\t\t\t<\/div>\n\t\t\t\t<div class=\"elementor-element elementor-element-bada5f5 elementor-widget elementor-widget-text-editor\" data-id=\"bada5f5\" data-element_type=\"widget\" data-widget_type=\"text-editor.default\">\n\t\t\t\t<div class=\"elementor-widget-container\">\n\t\t\t\t\t\t\t\t\t<p><strong>PRECIO:<\/strong> <\/p>\n<ul class=\"ul1\">\n<li class=\"li1\">20 \u20ac\/hora a la ma\u00f1ana<\/li>\n<li class=\"li1\">24 \u20ac\/hora a la tarde<\/li>\n<\/ul>\n\t\t\t\t\t\t\t\t<\/div>\n\t\t\t\t<\/div>\n\t\t\t\t<div class=\"elementor-element elementor-element-3b51748 elementor-widget elementor-widget-text-editor\" data-id=\"3b51748\" data-element_type=\"widget\" data-widget_type=\"text-editor.default\">\n\t\t\t\t<div class=\"elementor-widget-container\">\n\t\t\t\t\t\t\t\t\t<p class=\"p1\">Cuando hayas realizado y pagado tu reserva, acude al polideportivo Can Tit\u00f3 y acreditate con tu DNI al personal de la instalaci\u00f3n, para que te faciliten el acceso y muestra la reserva.<\/p>\n\t\t\t\t\t\t\t\t<\/div>\n\t\t\t\t<\/div>\n\t\t\t\t<div class=\"elementor-element elementor-element-89833f7 elementor-widget elementor-widget-text-editor\" data-id=\"89833f7\" data-element_type=\"widget\" data-widget_type=\"text-editor.default\">\n\t\t\t\t<div class=\"elementor-widget-container\">\n\t\t\t\t\t\t\t\t\t<p class=\"p1\"><strong>NORMAS:<\/strong><\/p>\n\t\t\t\t\t\t\t\t<\/div>\n\t\t\t\t<\/div>\n\t\t\t\t<div class=\"elementor-element elementor-element-4317000 elementor-icon-list--layout-traditional elementor-list-item-link-full_width elementor-widget elementor-widget-icon-list\" data-id=\"4317000\" data-element_type=\"widget\" data-widget_type=\"icon-list.default\">\n\t\t\t\t<div class=\"elementor-widget-container\">\n\t\t\t\t\t\t\t<ul class=\"elementor-icon-list-items\">\n\t\t\t\t\t\t\t<li class=\"elementor-icon-list-item\">\n\t\t\t\t\t\t\t\t\t\t<span class=\"elementor-icon-list-text\">\u2022 Podr\u00e1s utilizar los vestuarios colectivos del polideportivo (siempre que haya disponibilidad)<\/span>\n\t\t\t\t\t\t\t\t\t<\/li>\n\t\t\t\t\t\t\t\t<li class=\"elementor-icon-list-item\">\n\t\t\t\t\t\t\t\t\t\t<span class=\"elementor-icon-list-text\">\u2022 Quitar las bolsas de los vestuarios despu\u00e9s de cambiarse<\/span>\n\t\t\t\t\t\t\t\t\t<\/li>\n\t\t\t\t\t\t\t\t<li class=\"elementor-icon-list-item\">\n\t\t\t\t\t\t\t\t\t\t<span class=\"elementor-icon-list-text\">\u2022 Puerta calzado deportivo con suela de goma (sin tacos) <\/span>\n\t\t\t\t\t\t\t\t\t<\/li>\n\t\t\t\t\t\t\t\t<li class=\"elementor-icon-list-item\">\n\t\t\t\t\t\t\t\t\t\t<span class=\"elementor-icon-list-text\">\u2022 Se recomienda que lo lleves en una bolsa o bien te sacudas los zapatos antes de entrar (para no entrar barro y polvo en las pistas) <\/span>\n\t\t\t\t\t\t\t\t\t<\/li>\n\t\t\t\t\t\t\t\t<li class=\"elementor-icon-list-item\">\n\t\t\t\t\t\t\t\t\t\t<span class=\"elementor-icon-list-text\">\u2022 Llevar ropa deportiva y material espec\u00edfico de p\u00e1del <\/span>\n\t\t\t\t\t\t\t\t\t<\/li>\n\t\t\t\t\t\t\t\t<li class=\"elementor-icon-list-item\">\n\t\t\t\t\t\t\t\t\t\t<span class=\"elementor-icon-list-text\">\u2022 No se pueden utilizar las pistas para otras actividades o juegos <\/span>\n\t\t\t\t\t\t\t\t\t<\/li>\n\t\t\t\t\t\t\t\t<li class=\"elementor-icon-list-item\">\n\t\t\t\t\t\t\t\t\t\t<span class=\"elementor-icon-list-text\">\u2022 No se pueden entrar botellas de vidrio. Se puede llevar el agua en botellas tapadas  <\/span>\n\t\t\t\t\t\t\t\t\t<\/li>\n\t\t\t\t\t\t\t\t<li class=\"elementor-icon-list-item\">\n\t\t\t\t\t\t\t\t\t\t<span class=\"elementor-icon-list-text\">\u2022 No se permite fumar ni comer en las pistas <\/span>\n\t\t\t\t\t\t\t\t\t<\/li>\n\t\t\t\t\t\t\t\t<li class=\"elementor-icon-list-item\">\n\t\t\t\t\t\t\t\t\t\t<span class=\"elementor-icon-list-text\">\u2022 Cuando te vayas no dejes basura en la pista. Recoge tus pertenencias y cierra correctamente  <\/span>\n\t\t\t\t\t\t\t\t\t<\/li>\n\t\t\t\t\t\t\t\t<li class=\"elementor-icon-list-item\">\n\t\t\t\t\t\t\t\t\t\t<span class=\"elementor-icon-list-text\">\u2022 Los practicantes que reservan la pista declaran tener salud y estar capacitados para hacer deporte <\/span>\n\t\t\t\t\t\t\t\t\t<\/li>\n\t\t\t\t\t\t\t\t<li class=\"elementor-icon-list-item\">\n\t\t\t\t\t\t\t\t\t\t<span class=\"elementor-icon-list-text\">\u2022 El Ayuntamiento no se hace responsable de las posibles incidencias f\u00edsicas de los practicantes<\/span>\n\t\t\t\t\t\t\t\t\t<\/li>\n\t\t\t\t\t\t\t\t<li class=\"elementor-icon-list-item\">\n\t\t\t\t\t\t\t\t\t\t<span class=\"elementor-icon-list-text\">\u2022 Respeta la instalaci\u00f3n y comunica cualquier incidencia<\/span>\n\t\t\t\t\t\t\t\t\t<\/li>\n\t\t\t\t\t\t<\/ul>\n\t\t\t\t\t\t<\/div>\n\t\t\t\t<\/div>\n\t\t\t\t<div class=\"elementor-element elementor-element-cfbb538 elementor-widget elementor-widget-text-editor\" data-id=\"cfbb538\" data-element_type=\"widget\" data-widget_type=\"text-editor.default\">\n\t\t\t\t<div class=\"elementor-widget-container\">\n\t\t\t\t\t\t\t\t\t<p class=\"p1\">El Ayuntamiento no se hace responsable de las posibles incidencias f\u00edsicas de los practicantes<\/p>\n\t\t\t\t\t\t\t\t<\/div>\n\t\t\t\t<\/div>\n\t\t\t\t<div class=\"elementor-element elementor-element-592f6f3 elementor-widget elementor-widget-jet-engine-booking-form\" data-id=\"592f6f3\" data-element_type=\"widget\" data-widget_type=\"jet-engine-booking-form.default\">\n\t\t\t\t<div class=\"elementor-widget-container\">\n\t\t\t\t\t<form  class=\"jet-form layout-column submit-type-reload\" action=\"\/es\/wp-json\/wp\/v2\/pages\/1873?jet_engine_action=book&#038;nocache=1775822451\" method=\"POST\" data-form-id=\"1838\"><input class=\"jet-form__field hidden-field\" type=\"hidden\" name=\"_jet_engine_booking_form_id\" value=\"1838\" data-field-name=\"_jet_engine_booking_form_id\"><input class=\"jet-form__field hidden-field\" type=\"hidden\" name=\"_jet_engine_refer\" value=\"https:\/\/test.vilanovaenlinia.cat\/es\/wp-json\/wp\/v2\/pages\/1873\/\" data-field-name=\"_jet_engine_refer\"><div  class=\"jet-form-row jet-form-row--hidden\"><div class=\"jet-form-col jet-form-col-12  field-type-hidden  jet-form-field-container\" data-field=\"page_id\" data-conditional=\"false\"><input class=\"jet-form__field hidden-field\" type=\"hidden\" name=\"page_id\" value=\"1873\" data-field-name=\"page_id\"><\/div><\/div><div  class=\"jet-form-row jet-form-row--first-visible\"><div class=\"jet-form-col jet-form-col-12  field-type-select  jet-form-field-container\" data-field=\"service_id\" data-conditional=\"false\"><div class=\"jet-form__label\">\n\t<span class=\"jet-form__label-text\" >Selecciona el servicio<span class=\"jet-form__required\">*<\/span><\/span>\n\t<\/div><select  required=\"required\" name=\"service_id\" data-field-name=\"service_id\" id=\"service_id\" data-default-val=\"\" class=\"jet-form__field select-field\"><option value=\"1882\" >Pista de p\u00e1del 1<\/option><option value=\"1881\" >Pista de p\u00e1del 2<\/option><\/select><\/div><\/div><div  class=\"jet-form-row\"><div class=\"jet-form-col jet-form-col-12  field-type-appointment_provider  jet-form-field-container\" data-field=\"provider_id\" data-conditional=\"false\"><div class=\"jet-form__label\">\n\t<span class=\"jet-form__label-text\" >Seleccione el per\u00edodo<span class=\"jet-form__required\">*<\/span><\/span>\n\t<\/div><select class=\"appointment-provider jet-form__field select-field\" name=\"provider_id\" required data-args=\"{&quot;service&quot;:{&quot;field&quot;:&quot;service_id&quot;},&quot;api&quot;:{&quot;date_slots&quot;:&quot;https:\\\/\\\/test.vilanovaenlinia.cat\\\/es\\\/wp-json\\\/jet-engine\\\/v2\\\/appointment-date-slots\\\/&quot;,&quot;refresh_dates&quot;:&quot;https:\\\/\\\/test.vilanovaenlinia.cat\\\/es\\\/wp-json\\\/jet-engine\\\/v2\\\/appointment-refresh-date\\\/&quot;,&quot;service_providers&quot;:&quot;https:\\\/\\\/test.vilanovaenlinia.cat\\\/es\\\/wp-json\\\/jet-engine\\\/v2\\\/appointment-service-providers\\\/&quot;,&quot;provider_services&quot;:&quot;https:\\\/\\\/test.vilanovaenlinia.cat\\\/es\\\/wp-json\\\/jet-engine\\\/v2\\\/appointment-provider-services\\\/&quot;,&quot;appointments_list&quot;:&quot;https:\\\/\\\/test.vilanovaenlinia.cat\\\/es\\\/wp-json\\\/jet-engine\\\/v2\\\/appointments-list\\\/&quot;,&quot;delete_appointment&quot;:&quot;https:\\\/\\\/test.vilanovaenlinia.cat\\\/es\\\/wp-json\\\/jet-engine\\\/v2\\\/delete-appointment\\\/&quot;,&quot;update_appointment&quot;:&quot;https:\\\/\\\/test.vilanovaenlinia.cat\\\/es\\\/wp-json\\\/jet-engine\\\/v2\\\/update-appointment\\\/&quot;,&quot;add_appointment&quot;:&quot;https:\\\/\\\/test.vilanovaenlinia.cat\\\/es\\\/wp-json\\\/jet-engine\\\/v2\\\/appointment-add-appointment\\\/&quot;,&quot;update_workflows&quot;:&quot;https:\\\/\\\/test.vilanovaenlinia.cat\\\/es\\\/wp-json\\\/jet-engine\\\/v2\\\/update-appointment-workflows\\\/&quot;,&quot;appointment_meta&quot;:&quot;https:\\\/\\\/test.vilanovaenlinia.cat\\\/es\\\/wp-json\\\/jet-engine\\\/v2\\\/appointment-meta\\\/&quot;,&quot;get_appointment&quot;:&quot;https:\\\/\\\/test.vilanovaenlinia.cat\\\/es\\\/wp-json\\\/jet-engine\\\/v2\\\/get-appointment\\\/&quot;},&quot;placeholder&quot;:&quot;Select...&quot;}\"><\/select><\/div><\/div><div  class=\"jet-form-row\"><div class=\"jet-form-col jet-form-col-12  field-type-appointment_date  jet-form-field-container\" data-field=\"appointment_date\" data-conditional=\"false\"><div class=\"jet-apb-calendar-wrapper\">\n\t<div class=\"appointment-calendar jet-apb-calendar\" data-args=\"{&quot;booking_type&quot;:&quot;slot&quot;,&quot;excludedDates&quot;:[],&quot;datesMode&quot;:&quot;override_full&quot;,&quot;worksDates&quot;:[],&quot;datesRange&quot;:{&quot;start&quot;:0,&quot;end&quot;:0},&quot;availableWeekDays&quot;:[&quot;monday&quot;,&quot;wednesday&quot;,&quot;friday&quot;],&quot;service&quot;:{&quot;field&quot;:&quot;service_id&quot;},&quot;providerIsset&quot;:true,&quot;provider&quot;:{&quot;field&quot;:&quot;provider_id&quot;},&quot;inputName&quot;:&quot;appointment_date&quot;,&quot;isRequired&quot;:true,&quot;allowedServices&quot;:{&quot;field&quot;:&quot;provider_id&quot;}}\"><\/div>\n\n\t\t<div class=\"jet-apb-calendar-appointments-list-wrapper\" style=\"display: none\">\n\t\t<div class=\"jet-form__heading\">\n\t\t\t<span class=\"jet-form__label-text\">Detalles de la reserva:<\/span>\n\t\t<\/div>\n\t\t<div class=\"jet-apb-calendar-appointments-list\"><\/div>\n\t<\/div>\n\t<div class=\"jet-apb-calendar-notification\" style=\"display: none\">\n\t\t<div class=\"jet-apb-calendar-notification-service\">Por favor, seleccione el servicio primero.<\/div>\n\t\t<div class=\"jet-apb-calendar-notification-provider\">Por favor, seleccione primero el proveedor.<\/div>\n\t\t<div class=\"jet-apb-calendar-notification-service-field\">Por favor, configure el campo de servicio para el calendario actual<\/div>\n\t\t<div class=\"jet-apb-calendar-notification-max-slots\">Lo sentimos, ya ha alcanzado el n\u00famero m\u00e1ximo de citas.<\/div>\n\t<\/div>\n<\/div>\n<\/div><\/div><div  class=\"jet-form-row\"><div class=\"jet-form-col jet-form-col-12  field-type-text  jet-form-field-container\" data-field=\"E-mail\" data-conditional=\"false\"><div class=\"jet-form__label\">\n\t<span class=\"jet-form__label-text\" >E-mail<span class=\"jet-form__required\">*<\/span><\/span>\n\t<\/div><input class=\"jet-form__field text-field \" required=\"required\" name=\"E-mail\" id=\"E-mail\" type=\"email\" data-field-name=\"E-mail\"><\/div><\/div><div  class=\"jet-form-row jet-form-row--submit\"><div class=\"jet-form-col jet-form-col-12  field-type-submit  jet-form-field-container\" data-field=\"Submit\" data-conditional=\"false\"><div class=\"jet-form__submit-wrap\">\n\t\t<button class=\"jet-form__submit submit-type-reload\" type=\"submit\">Enviar<\/button>\n<\/div><\/div><\/div><input class=\"jet-form__field hidden-field\" type=\"hidden\" name=\"_jet_engine_nonce\" value=\"7d12240514\" data-field-name=\"_jet_engine_nonce\"><\/form>\t\t\t\t<\/div>\n\t\t\t\t<\/div>\n\t\t\t\t<\/div>\n\t\t\t\t\t<\/div>\n\t\t\t\t<\/div>\n\t\t\t\t<\/div>\n\t\t","protected":false},"excerpt":{"rendered":"<p>PISTAS DE P\u00c1DEL PISTAS DE P\u00c1DEL Para realizar la reserva de la pista de p\u00e1del, p\u00f3ngase en contacto con Esports Vilanova: 938054411 extensi\u00f3n 1, de 8 a 15:00 h.Disculpad las molestias. HORARIOS: Lunes, mi\u00e9rcoles y viernes no festivos De 10:30 a 12:30 h De 15:30 a 20:30 h Los d\u00edas festivos, las pistas permanecer\u00e1n cerradas [&hellip;]<\/p>\n","protected":false},"author":1,"featured_media":0,"parent":0,"menu_order":0,"comment_status":"closed","ping_status":"closed","template":"","meta":{"_acf_changed":false,"footnotes":""},"class_list":["post-1873","page","type-page","status-publish","hentry"],"acf":[],"yoast_head":"<!-- This site is optimized with the Yoast SEO plugin v25.5 - https:\/\/yoast.com\/wordpress\/plugins\/seo\/ -->\n<title>Reserva de equipamientos - Ajuntament de Vilanova del Cam\u00ed<\/title>\n<meta name=\"robots\" content=\"index, follow, max-snippet:-1, max-image-preview:large, max-video-preview:-1\" \/>\n<link rel=\"canonical\" href=\"https:\/\/test.vilanovaenlinia.cat\/es\/reserva-de-equipamientos\/\" \/>\n<meta property=\"og:locale\" content=\"es_ES\" \/>\n<meta property=\"og:type\" content=\"article\" \/>\n<meta property=\"og:title\" content=\"Reserva de equipamientos - Ajuntament de Vilanova del Cam\u00ed\" \/>\n<meta property=\"og:description\" content=\"PISTAS DE P\u00c1DEL PISTAS DE P\u00c1DEL Para realizar la reserva de la pista de p\u00e1del, p\u00f3ngase en contacto con Esports Vilanova: 938054411 extensi\u00f3n 1, de 8 a 15:00 h.Disculpad las molestias. HORARIOS: Lunes, mi\u00e9rcoles y viernes no festivos De 10:30 a 12:30 h De 15:30 a 20:30 h Los d\u00edas festivos, las pistas permanecer\u00e1n cerradas [&hellip;]\" \/>\n<meta property=\"og:url\" content=\"https:\/\/test.vilanovaenlinia.cat\/es\/reserva-de-equipamientos\/\" \/>\n<meta property=\"og:site_name\" content=\"Ajuntament de Vilanova del Cam\u00ed\" \/>\n<meta property=\"article:modified_time\" content=\"2025-02-11T14:12:17+00:00\" \/>\n<meta name=\"twitter:card\" content=\"summary_large_image\" \/>\n<meta name=\"twitter:label1\" content=\"Tiempo de lectura\" \/>\n\t<meta name=\"twitter:data1\" content=\"2 minutos\" \/>\n<script type=\"application\/ld+json\" class=\"yoast-schema-graph\">{\"@context\":\"https:\/\/schema.org\",\"@graph\":[{\"@type\":\"WebPage\",\"@id\":\"https:\/\/test.vilanovaenlinia.cat\/es\/reserva-de-equipamientos\/\",\"url\":\"https:\/\/test.vilanovaenlinia.cat\/es\/reserva-de-equipamientos\/\",\"name\":\"Reserva de equipamientos - Ajuntament de Vilanova del Cam\u00ed\",\"isPartOf\":{\"@id\":\"https:\/\/test.vilanovaenlinia.cat\/es\/#website\"},\"datePublished\":\"2025-02-07T09:53:48+00:00\",\"dateModified\":\"2025-02-11T14:12:17+00:00\",\"breadcrumb\":{\"@id\":\"https:\/\/test.vilanovaenlinia.cat\/es\/reserva-de-equipamientos\/#breadcrumb\"},\"inLanguage\":\"es\",\"potentialAction\":[{\"@type\":\"ReadAction\",\"target\":[\"https:\/\/test.vilanovaenlinia.cat\/es\/reserva-de-equipamientos\/\"]}]},{\"@type\":\"BreadcrumbList\",\"@id\":\"https:\/\/test.vilanovaenlinia.cat\/es\/reserva-de-equipamientos\/#breadcrumb\",\"itemListElement\":[{\"@type\":\"ListItem\",\"position\":1,\"name\":\"Portada\",\"item\":\"https:\/\/test.vilanovaenlinia.cat\/es\/\"},{\"@type\":\"ListItem\",\"position\":2,\"name\":\"Reserva de equipamientos\"}]},{\"@type\":\"WebSite\",\"@id\":\"https:\/\/test.vilanovaenlinia.cat\/es\/#website\",\"url\":\"https:\/\/test.vilanovaenlinia.cat\/es\/\",\"name\":\"Ajuntament de Vilanova del Cam\u00ed\",\"description\":\"\",\"potentialAction\":[{\"@type\":\"SearchAction\",\"target\":{\"@type\":\"EntryPoint\",\"urlTemplate\":\"https:\/\/test.vilanovaenlinia.cat\/es\/?s={search_term_string}\"},\"query-input\":{\"@type\":\"PropertyValueSpecification\",\"valueRequired\":true,\"valueName\":\"search_term_string\"}}],\"inLanguage\":\"es\"}]}<\/script>\n<!-- \/ Yoast SEO plugin. -->","yoast_head_json":{"title":"Reserva de equipamientos - Ajuntament de Vilanova del Cam\u00ed","robots":{"index":"index","follow":"follow","max-snippet":"max-snippet:-1","max-image-preview":"max-image-preview:large","max-video-preview":"max-video-preview:-1"},"canonical":"https:\/\/test.vilanovaenlinia.cat\/es\/reserva-de-equipamientos\/","og_locale":"es_ES","og_type":"article","og_title":"Reserva de equipamientos - Ajuntament de Vilanova del Cam\u00ed","og_description":"PISTAS DE P\u00c1DEL PISTAS DE P\u00c1DEL Para realizar la reserva de la pista de p\u00e1del, p\u00f3ngase en contacto con Esports Vilanova: 938054411 extensi\u00f3n 1, de 8 a 15:00 h.Disculpad las molestias. HORARIOS: Lunes, mi\u00e9rcoles y viernes no festivos De 10:30 a 12:30 h De 15:30 a 20:30 h Los d\u00edas festivos, las pistas permanecer\u00e1n cerradas [&hellip;]","og_url":"https:\/\/test.vilanovaenlinia.cat\/es\/reserva-de-equipamientos\/","og_site_name":"Ajuntament de Vilanova del Cam\u00ed","article_modified_time":"2025-02-11T14:12:17+00:00","twitter_card":"summary_large_image","twitter_misc":{"Tiempo de lectura":"2 minutos"},"schema":{"@context":"https:\/\/schema.org","@graph":[{"@type":"WebPage","@id":"https:\/\/test.vilanovaenlinia.cat\/es\/reserva-de-equipamientos\/","url":"https:\/\/test.vilanovaenlinia.cat\/es\/reserva-de-equipamientos\/","name":"Reserva de equipamientos - Ajuntament de Vilanova del Cam\u00ed","isPartOf":{"@id":"https:\/\/test.vilanovaenlinia.cat\/es\/#website"},"datePublished":"2025-02-07T09:53:48+00:00","dateModified":"2025-02-11T14:12:17+00:00","breadcrumb":{"@id":"https:\/\/test.vilanovaenlinia.cat\/es\/reserva-de-equipamientos\/#breadcrumb"},"inLanguage":"es","potentialAction":[{"@type":"ReadAction","target":["https:\/\/test.vilanovaenlinia.cat\/es\/reserva-de-equipamientos\/"]}]},{"@type":"BreadcrumbList","@id":"https:\/\/test.vilanovaenlinia.cat\/es\/reserva-de-equipamientos\/#breadcrumb","itemListElement":[{"@type":"ListItem","position":1,"name":"Portada","item":"https:\/\/test.vilanovaenlinia.cat\/es\/"},{"@type":"ListItem","position":2,"name":"Reserva de equipamientos"}]},{"@type":"WebSite","@id":"https:\/\/test.vilanovaenlinia.cat\/es\/#website","url":"https:\/\/test.vilanovaenlinia.cat\/es\/","name":"Ajuntament de Vilanova del Cam\u00ed","description":"","potentialAction":[{"@type":"SearchAction","target":{"@type":"EntryPoint","urlTemplate":"https:\/\/test.vilanovaenlinia.cat\/es\/?s={search_term_string}"},"query-input":{"@type":"PropertyValueSpecification","valueRequired":true,"valueName":"search_term_string"}}],"inLanguage":"es"}]}},"_links":{"self":[{"href":"https:\/\/test.vilanovaenlinia.cat\/es\/wp-json\/wp\/v2\/pages\/1873","targetHints":{"allow":["GET"]}}],"collection":[{"href":"https:\/\/test.vilanovaenlinia.cat\/es\/wp-json\/wp\/v2\/pages"}],"about":[{"href":"https:\/\/test.vilanovaenlinia.cat\/es\/wp-json\/wp\/v2\/types\/page"}],"author":[{"embeddable":true,"href":"https:\/\/test.vilanovaenlinia.cat\/es\/wp-json\/wp\/v2\/users\/1"}],"replies":[{"embeddable":true,"href":"https:\/\/test.vilanovaenlinia.cat\/es\/wp-json\/wp\/v2\/comments?post=1873"}],"version-history":[{"count":2,"href":"https:\/\/test.vilanovaenlinia.cat\/es\/wp-json\/wp\/v2\/pages\/1873\/revisions"}],"predecessor-version":[{"id":1883,"href":"https:\/\/test.vilanovaenlinia.cat\/es\/wp-json\/wp\/v2\/pages\/1873\/revisions\/1883"}],"wp:attachment":[{"href":"https:\/\/test.vilanovaenlinia.cat\/es\/wp-json\/wp\/v2\/media?parent=1873"}],"curies":[{"name":"wp","href":"https:\/\/api.w.org\/{rel}","templated":true}]}}