{"id":818,"date":"2024-11-24T15:20:51","date_gmt":"2024-11-24T15:20:51","guid":{"rendered":"https:\/\/test.vilanovaenlinia.cat\/proyectos-municipales\/"},"modified":"2024-12-20T11:51:53","modified_gmt":"2024-12-20T11:51:53","slug":"proyectos-municipales","status":"publish","type":"page","link":"https:\/\/test.vilanovaenlinia.cat\/es\/proyectos-municipales\/","title":{"rendered":"Proyectos Municipales"},"content":{"rendered":"\t\t<div data-elementor-type=\"wp-page\" data-elementor-id=\"818\" class=\"elementor elementor-818 elementor-403\" data-elementor-post-type=\"page\">\n\t\t\t\t<div class=\"elementor-element elementor-element-8dadafb e-flex e-con-boxed qodef-elementor-content-no e-con e-parent\" data-id=\"8dadafb\" data-element_type=\"container\" data-settings=\"{&quot;jet_parallax_layout_list&quot;:[]}\">\n\t\t\t\t\t<div class=\"e-con-inner\">\n\t\t\t\t<div class=\"elementor-element elementor-element-1a91310 elementor-widget elementor-widget-image\" data-id=\"1a91310\" data-element_type=\"widget\" data-widget_type=\"image.default\">\n\t\t\t\t<div class=\"elementor-widget-container\">\n\t\t\t\t\t\t\t\t\t\t\t\t\t\t\t<img fetchpriority=\"high\" decoding=\"async\" width=\"800\" height=\"95\" src=\"https:\/\/test.vilanovaenlinia.cat\/wp-content\/uploads\/2024\/11\/SDG_website_banner_S-1024x122.png\" class=\"attachment-large size-large wp-image-472\" alt=\"\" srcset=\"https:\/\/test.vilanovaenlinia.cat\/wp-content\/uploads\/2024\/11\/SDG_website_banner_S-1024x122.png 1024w, https:\/\/test.vilanovaenlinia.cat\/wp-content\/uploads\/2024\/11\/SDG_website_banner_S-600x71.png 600w, https:\/\/test.vilanovaenlinia.cat\/wp-content\/uploads\/2024\/11\/SDG_website_banner_S-300x36.png 300w, https:\/\/test.vilanovaenlinia.cat\/wp-content\/uploads\/2024\/11\/SDG_website_banner_S-768x91.png 768w, https:\/\/test.vilanovaenlinia.cat\/wp-content\/uploads\/2024\/11\/SDG_website_banner_S-1536x183.png 1536w, https:\/\/test.vilanovaenlinia.cat\/wp-content\/uploads\/2024\/11\/SDG_website_banner_S.png 1683w\" sizes=\"(max-width: 800px) 100vw, 800px\" \/>\t\t\t\t\t\t\t\t\t\t\t\t\t\t\t<\/div>\n\t\t\t\t<\/div>\n\t\t\t\t\t<\/div>\n\t\t\t\t<\/div>\n\t\t<div class=\"elementor-element elementor-element-fe4e319 e-flex e-con-boxed qodef-elementor-content-no e-con e-parent\" data-id=\"fe4e319\" data-element_type=\"container\" data-settings=\"{&quot;jet_parallax_layout_list&quot;:[]}\">\n\t\t\t\t\t<div class=\"e-con-inner\">\n\t\t\t\t<div class=\"elementor-element elementor-element-b454d0c elementor-widget elementor-widget-heading\" data-id=\"b454d0c\" data-element_type=\"widget\" data-widget_type=\"heading.default\">\n\t\t\t\t<div class=\"elementor-widget-container\">\n\t\t\t\t\t<h2 class=\"elementor-heading-title elementor-size-default\">PROYECTOS MUNICIPALES<\/h2>\t\t\t\t<\/div>\n\t\t\t\t<\/div>\n\t\t<div class=\"elementor-element elementor-element-32a998a e-con-full e-flex qodef-elementor-content-no e-con e-child\" data-id=\"32a998a\" data-element_type=\"container\" data-settings=\"{&quot;jet_parallax_layout_list&quot;:[]}\">\n\t\t<div class=\"elementor-element elementor-element-47c3de0 e-con-full e-flex qodef-elementor-content-no e-con e-child\" data-id=\"47c3de0\" data-element_type=\"container\" data-settings=\"{&quot;jet_parallax_layout_list&quot;:[]}\">\n\t\t\t\t<div class=\"elementor-element elementor-element-0a94128 elementor-widget elementor-widget-text-editor\" data-id=\"0a94128\" data-element_type=\"widget\" data-widget_type=\"text-editor.default\">\n\t\t\t\t<div class=\"elementor-widget-container\">\n\t\t\t\t\t\t\t\t\t<p class=\"p1\">El Ayuntamiento de Vilanova del Cam\u00ed, con el apoyo t\u00e9cnico de la empresa Vector 5 y la colaboraci\u00f3n de la Diputaci\u00f3n de Barcelona, ha llevado a cabo un exhaustivo diagn\u00f3stico para analizar la alineaci\u00f3n de las pol\u00edticas locales con los Objetivos de Desarrollo Sostenible (ODS). Este ejercicio estrat\u00e9gico ha permitido identificar fortalezas significativas que sit\u00faan al municipio como un referente en el \u00e1mbito local en su camino hacia la sostenibilidad, la inclusi\u00f3n y la resiliencia. <\/p>\n<p class=\"p1\">Uno de los principales puntos fuertes de Vilanova del Cam\u00ed es su compromiso con el desarrollo sostenible, evidenciado por la alineaci\u00f3n de <b>361 actuaciones municipales<\/b> con <b>79 de las 97 metas identificadas como prioritarias<\/b> para el municipio. Este alto nivel de alineaci\u00f3n, que representa m\u00e1s del 80% de las metas, refleja la voluntad de incorporar los valores y principios de la Agenda 2030 en todas las dimensiones de las pol\u00edticas locales. <\/p>\n<p class=\"p1\">El diagn\u00f3stico destaca especialmente el esfuerzo municipal en las dimensiones de <b>Prosperidad<\/b> y <b>Personas<\/b>, que concentran el 42% y el 26% de las actuaciones, respectivamente. Esto pone de manifiesto el enfoque en la mejora de la calidad de vida de la ciudadan\u00eda, el desarrollo econ\u00f3mico sostenible y la inclusi\u00f3n social. Iniciativas como el apoyo al comercio local, la promoci\u00f3n del emprendimiento o los programas de educaci\u00f3n inclusiva son ejemplos claros de c\u00f3mo Vilanova del Cam\u00ed lidera <b>acciones transformadoras<\/b>.  <\/p>\n<p class=\"p1\">En el \u00e1mbito presupuestario, la alineaci\u00f3n del <b>85% de las partidas del presupuesto 2024<\/b> con los ODS confirma la prioridad que el Ayuntamiento otorga a las pol\u00edticas sostenibles. Esta inversi\u00f3n estrat\u00e9gica garantiza recursos suficientes para abordar las acciones planificadas, haciendo hincapi\u00e9 en los servicios b\u00e1sicos, la educaci\u00f3n, la salud comunitaria y la sostenibilidad ambiental. <\/p>\n<p class=\"p1\">Otras fortalezas incluyen la estrecha colaboraci\u00f3n con entidades locales y regionales, creando alianzas s\u00f3lidas que favorecen el desarrollo conjunto de proyectos. Tambi\u00e9n destaca el alto grado de sensibilizaci\u00f3n ciudadana sobre la importancia del desarrollo sostenible, lo que refuerza el compromiso colectivo para alcanzar los objetivos marcados. <\/p>\n<p class=\"p1\">A pesar de algunos desaf\u00edos identificados, como la necesidad de <b>mejorar la gesti\u00f3n ambiental y la protecci\u00f3n del patrimonio<\/b>, Vilanova del Cam\u00ed cuenta con bases s\u00f3lidas para avanzar. El liderazgo en \u00e1reas como la inclusi\u00f3n social, la igualdad de g\u00e9nero y la educaci\u00f3n de calidad posicionan al municipio como un modelo de innovaci\u00f3n y progreso en el marco de la Agenda 2030. <\/p>\n<p class=\"p1\">En conjunto, el informe elaborado por Vector 5 representa no solo un an\u00e1lisis detallado, sino tambi\u00e9n una herramienta estrat\u00e9gica que refuerza la posici\u00f3n de Vilanova del Cam\u00ed como un municipio comprometido con el futuro.<\/p>\n<p class=\"p1\">El esfuerzo colectivo de entidades, gobierno y ciudadan\u00eda es clave para seguir construyendo una comunidad m\u00e1s cohesionada, sostenible y resiliente.<\/p>\n\t\t\t\t\t\t\t\t<\/div>\n\t\t\t\t<\/div>\n\t\t\t\t<\/div>\n\t\t<div class=\"elementor-element elementor-element-a8f02c1 e-con-full e-flex qodef-elementor-content-no e-con e-child\" data-id=\"a8f02c1\" data-element_type=\"container\" data-settings=\"{&quot;jet_parallax_layout_list&quot;:[]}\">\n\t\t\t\t<div class=\"elementor-element elementor-element-9c9cd9e elementor-widget elementor-widget-image\" data-id=\"9c9cd9e\" data-element_type=\"widget\" data-widget_type=\"image.default\">\n\t\t\t\t<div class=\"elementor-widget-container\">\n\t\t\t\t\t\t\t\t\t\t\t\t\t\t\t<img decoding=\"async\" width=\"500\" height=\"500\" src=\"https:\/\/test.vilanovaenlinia.cat\/wp-content\/uploads\/2024\/11\/Team-spirit-cuate.svg\" class=\"attachment-large size-large wp-image-491\" alt=\"\" \/>\t\t\t\t\t\t\t\t\t\t\t\t\t\t\t<\/div>\n\t\t\t\t<\/div>\n\t\t\t\t<\/div>\n\t\t\t\t<\/div>\n\t\t\t\t<div class=\"elementor-element elementor-element-7e43ab6 elementor-widget elementor-widget-heading\" data-id=\"7e43ab6\" data-element_type=\"widget\" data-widget_type=\"heading.default\">\n\t\t\t\t<div class=\"elementor-widget-container\">\n\t\t\t\t\t<h3 class=\"elementor-heading-title elementor-size-default\">PR\u00d3XIMAMENTE<\/h3>\t\t\t\t<\/div>\n\t\t\t\t<\/div>\n\t\t\t\t<div class=\"elementor-element elementor-element-d49691d elementor-widget elementor-widget-text-editor\" data-id=\"d49691d\" data-element_type=\"widget\" data-widget_type=\"text-editor.default\">\n\t\t\t\t<div class=\"elementor-widget-container\">\n\t\t\t\t\t\t\t\t\t<p class=\"p1\">Pr\u00f3ximamente, estar\u00e1 disponible el informe completo con los resultados del diagn\u00f3stico realizado, que refleja el trabajo exhaustivo llevado a cabo con las diferentes \u00e1reas municipales. Este documento incluye una visi\u00f3n detallada de los resultados obtenidos, la estrategia local hacia la Agenda 2030, el Plan de actuaci\u00f3n y la Hoja de ruta para optimizar la consecuci\u00f3n de los Objetivos de Desarrollo Sostenible (ODS). Tambi\u00e9n encontrar\u00e1 los mecanismos de seguimiento establecidos, as\u00ed como las conclusiones y recomendaciones finales, que servir\u00e1n de gu\u00eda para seguir avanzando hacia un modelo de municipio m\u00e1s sostenible, inclusivo y resiliente.  <\/p>\n\t\t\t\t\t\t\t\t<\/div>\n\t\t\t\t<\/div>\n\t\t\t\t<div class=\"elementor-element elementor-element-dcc3899 elementor-widget elementor-widget-button\" data-id=\"dcc3899\" data-element_type=\"widget\" data-widget_type=\"button.default\">\n\t\t\t\t<div class=\"elementor-widget-container\">\n\t\t\t\t\t\t\t\t\t<div class=\"elementor-button-wrapper\">\n\t\t\t\t\t<a class=\"elementor-button elementor-button-link elementor-size-sm\" href=\"https:\/\/test.vilanovaenlinia.cat\/wp-content\/uploads\/2024\/12\/RESULTATS-DIAGNOSI-AGENDA-2030-VILANOVA-DEL-CAMI.pdf\" target=\"_blank\">\n\t\t\t\t\t\t<span class=\"elementor-button-content-wrapper\">\n\t\t\t\t\t\t\t\t\t<span class=\"elementor-button-text\">Consulta los primeros resultados de la Diagnosis <\/span>\n\t\t\t\t\t<\/span>\n\t\t\t\t\t<\/a>\n\t\t\t\t<\/div>\n\t\t\t\t\t\t\t\t<\/div>\n\t\t\t\t<\/div>\n\t\t\t\t\t<\/div>\n\t\t\t\t<\/div>\n\t\t\t\t<\/div>\n\t\t","protected":false},"excerpt":{"rendered":"<p>PROYECTOS MUNICIPALES El Ayuntamiento de Vilanova del Cam\u00ed, con el apoyo t\u00e9cnico de la empresa Vector 5 y la colaboraci\u00f3n de la Diputaci\u00f3n de Barcelona, ha llevado a cabo un exhaustivo diagn\u00f3stico para analizar la alineaci\u00f3n de las pol\u00edticas locales con los Objetivos de Desarrollo Sostenible (ODS). Este ejercicio estrat\u00e9gico ha permitido identificar fortalezas significativas [&hellip;]<\/p>\n","protected":false},"author":1,"featured_media":0,"parent":0,"menu_order":0,"comment_status":"closed","ping_status":"closed","template":"","meta":{"_acf_changed":false,"footnotes":""},"class_list":["post-818","page","type-page","status-publish","hentry"],"acf":[],"yoast_head":"<!-- This site is optimized with the Yoast SEO plugin v25.5 - https:\/\/yoast.com\/wordpress\/plugins\/seo\/ -->\n<title>Proyectos Municipales - Ajuntament de Vilanova del Cam\u00ed<\/title>\n<meta name=\"robots\" content=\"index, follow, max-snippet:-1, max-image-preview:large, max-video-preview:-1\" \/>\n<link rel=\"canonical\" href=\"https:\/\/test.vilanovaenlinia.cat\/es\/proyectos-municipales\/\" \/>\n<meta property=\"og:locale\" content=\"es_ES\" \/>\n<meta property=\"og:type\" content=\"article\" \/>\n<meta property=\"og:title\" content=\"Proyectos Municipales - Ajuntament de Vilanova del Cam\u00ed\" \/>\n<meta property=\"og:description\" content=\"PROYECTOS MUNICIPALES El Ayuntamiento de Vilanova del Cam\u00ed, con el apoyo t\u00e9cnico de la empresa Vector 5 y la colaboraci\u00f3n de la Diputaci\u00f3n de Barcelona, ha llevado a cabo un exhaustivo diagn\u00f3stico para analizar la alineaci\u00f3n de las pol\u00edticas locales con los Objetivos de Desarrollo Sostenible (ODS). Este ejercicio estrat\u00e9gico ha permitido identificar fortalezas significativas [&hellip;]\" \/>\n<meta property=\"og:url\" content=\"https:\/\/test.vilanovaenlinia.cat\/es\/proyectos-municipales\/\" \/>\n<meta property=\"og:site_name\" content=\"Ajuntament de Vilanova del Cam\u00ed\" \/>\n<meta property=\"article:modified_time\" content=\"2024-12-20T11:51:53+00:00\" \/>\n<meta property=\"og:image\" content=\"https:\/\/test.vilanovaenlinia.cat\/wp-content\/uploads\/2024\/11\/SDG_website_banner_S-1024x122.png\" \/>\n<meta name=\"twitter:card\" content=\"summary_large_image\" \/>\n<meta name=\"twitter:label1\" content=\"Tiempo de lectura\" \/>\n\t<meta name=\"twitter:data1\" content=\"3 minutos\" \/>\n<script type=\"application\/ld+json\" class=\"yoast-schema-graph\">{\"@context\":\"https:\/\/schema.org\",\"@graph\":[{\"@type\":\"WebPage\",\"@id\":\"https:\/\/test.vilanovaenlinia.cat\/es\/proyectos-municipales\/\",\"url\":\"https:\/\/test.vilanovaenlinia.cat\/es\/proyectos-municipales\/\",\"name\":\"Proyectos Municipales - Ajuntament de Vilanova del Cam\u00ed\",\"isPartOf\":{\"@id\":\"https:\/\/test.vilanovaenlinia.cat\/es\/#website\"},\"primaryImageOfPage\":{\"@id\":\"https:\/\/test.vilanovaenlinia.cat\/es\/proyectos-municipales\/#primaryimage\"},\"image\":{\"@id\":\"https:\/\/test.vilanovaenlinia.cat\/es\/proyectos-municipales\/#primaryimage\"},\"thumbnailUrl\":\"https:\/\/test.vilanovaenlinia.cat\/wp-content\/uploads\/2024\/11\/SDG_website_banner_S-1024x122.png\",\"datePublished\":\"2024-11-24T15:20:51+00:00\",\"dateModified\":\"2024-12-20T11:51:53+00:00\",\"breadcrumb\":{\"@id\":\"https:\/\/test.vilanovaenlinia.cat\/es\/proyectos-municipales\/#breadcrumb\"},\"inLanguage\":\"es\",\"potentialAction\":[{\"@type\":\"ReadAction\",\"target\":[\"https:\/\/test.vilanovaenlinia.cat\/es\/proyectos-municipales\/\"]}]},{\"@type\":\"ImageObject\",\"inLanguage\":\"es\",\"@id\":\"https:\/\/test.vilanovaenlinia.cat\/es\/proyectos-municipales\/#primaryimage\",\"url\":\"https:\/\/test.vilanovaenlinia.cat\/wp-content\/uploads\/2024\/11\/SDG_website_banner_S-1024x122.png\",\"contentUrl\":\"https:\/\/test.vilanovaenlinia.cat\/wp-content\/uploads\/2024\/11\/SDG_website_banner_S-1024x122.png\"},{\"@type\":\"BreadcrumbList\",\"@id\":\"https:\/\/test.vilanovaenlinia.cat\/es\/proyectos-municipales\/#breadcrumb\",\"itemListElement\":[{\"@type\":\"ListItem\",\"position\":1,\"name\":\"Portada\",\"item\":\"https:\/\/test.vilanovaenlinia.cat\/es\/\"},{\"@type\":\"ListItem\",\"position\":2,\"name\":\"Proyectos Municipales\"}]},{\"@type\":\"WebSite\",\"@id\":\"https:\/\/test.vilanovaenlinia.cat\/es\/#website\",\"url\":\"https:\/\/test.vilanovaenlinia.cat\/es\/\",\"name\":\"Ajuntament de Vilanova del Cam\u00ed\",\"description\":\"\",\"potentialAction\":[{\"@type\":\"SearchAction\",\"target\":{\"@type\":\"EntryPoint\",\"urlTemplate\":\"https:\/\/test.vilanovaenlinia.cat\/es\/?s={search_term_string}\"},\"query-input\":{\"@type\":\"PropertyValueSpecification\",\"valueRequired\":true,\"valueName\":\"search_term_string\"}}],\"inLanguage\":\"es\"}]}<\/script>\n<!-- \/ Yoast SEO plugin. -->","yoast_head_json":{"title":"Proyectos Municipales - Ajuntament de Vilanova del Cam\u00ed","robots":{"index":"index","follow":"follow","max-snippet":"max-snippet:-1","max-image-preview":"max-image-preview:large","max-video-preview":"max-video-preview:-1"},"canonical":"https:\/\/test.vilanovaenlinia.cat\/es\/proyectos-municipales\/","og_locale":"es_ES","og_type":"article","og_title":"Proyectos Municipales - Ajuntament de Vilanova del Cam\u00ed","og_description":"PROYECTOS MUNICIPALES El Ayuntamiento de Vilanova del Cam\u00ed, con el apoyo t\u00e9cnico de la empresa Vector 5 y la colaboraci\u00f3n de la Diputaci\u00f3n de Barcelona, ha llevado a cabo un exhaustivo diagn\u00f3stico para analizar la alineaci\u00f3n de las pol\u00edticas locales con los Objetivos de Desarrollo Sostenible (ODS). Este ejercicio estrat\u00e9gico ha permitido identificar fortalezas significativas [&hellip;]","og_url":"https:\/\/test.vilanovaenlinia.cat\/es\/proyectos-municipales\/","og_site_name":"Ajuntament de Vilanova del Cam\u00ed","article_modified_time":"2024-12-20T11:51:53+00:00","og_image":[{"url":"https:\/\/test.vilanovaenlinia.cat\/wp-content\/uploads\/2024\/11\/SDG_website_banner_S-1024x122.png","type":"","width":"","height":""}],"twitter_card":"summary_large_image","twitter_misc":{"Tiempo de lectura":"3 minutos"},"schema":{"@context":"https:\/\/schema.org","@graph":[{"@type":"WebPage","@id":"https:\/\/test.vilanovaenlinia.cat\/es\/proyectos-municipales\/","url":"https:\/\/test.vilanovaenlinia.cat\/es\/proyectos-municipales\/","name":"Proyectos Municipales - Ajuntament de Vilanova del Cam\u00ed","isPartOf":{"@id":"https:\/\/test.vilanovaenlinia.cat\/es\/#website"},"primaryImageOfPage":{"@id":"https:\/\/test.vilanovaenlinia.cat\/es\/proyectos-municipales\/#primaryimage"},"image":{"@id":"https:\/\/test.vilanovaenlinia.cat\/es\/proyectos-municipales\/#primaryimage"},"thumbnailUrl":"https:\/\/test.vilanovaenlinia.cat\/wp-content\/uploads\/2024\/11\/SDG_website_banner_S-1024x122.png","datePublished":"2024-11-24T15:20:51+00:00","dateModified":"2024-12-20T11:51:53+00:00","breadcrumb":{"@id":"https:\/\/test.vilanovaenlinia.cat\/es\/proyectos-municipales\/#breadcrumb"},"inLanguage":"es","potentialAction":[{"@type":"ReadAction","target":["https:\/\/test.vilanovaenlinia.cat\/es\/proyectos-municipales\/"]}]},{"@type":"ImageObject","inLanguage":"es","@id":"https:\/\/test.vilanovaenlinia.cat\/es\/proyectos-municipales\/#primaryimage","url":"https:\/\/test.vilanovaenlinia.cat\/wp-content\/uploads\/2024\/11\/SDG_website_banner_S-1024x122.png","contentUrl":"https:\/\/test.vilanovaenlinia.cat\/wp-content\/uploads\/2024\/11\/SDG_website_banner_S-1024x122.png"},{"@type":"BreadcrumbList","@id":"https:\/\/test.vilanovaenlinia.cat\/es\/proyectos-municipales\/#breadcrumb","itemListElement":[{"@type":"ListItem","position":1,"name":"Portada","item":"https:\/\/test.vilanovaenlinia.cat\/es\/"},{"@type":"ListItem","position":2,"name":"Proyectos Municipales"}]},{"@type":"WebSite","@id":"https:\/\/test.vilanovaenlinia.cat\/es\/#website","url":"https:\/\/test.vilanovaenlinia.cat\/es\/","name":"Ajuntament de Vilanova del Cam\u00ed","description":"","potentialAction":[{"@type":"SearchAction","target":{"@type":"EntryPoint","urlTemplate":"https:\/\/test.vilanovaenlinia.cat\/es\/?s={search_term_string}"},"query-input":{"@type":"PropertyValueSpecification","valueRequired":true,"valueName":"search_term_string"}}],"inLanguage":"es"}]}},"_links":{"self":[{"href":"https:\/\/test.vilanovaenlinia.cat\/es\/wp-json\/wp\/v2\/pages\/818","targetHints":{"allow":["GET"]}}],"collection":[{"href":"https:\/\/test.vilanovaenlinia.cat\/es\/wp-json\/wp\/v2\/pages"}],"about":[{"href":"https:\/\/test.vilanovaenlinia.cat\/es\/wp-json\/wp\/v2\/types\/page"}],"author":[{"embeddable":true,"href":"https:\/\/test.vilanovaenlinia.cat\/es\/wp-json\/wp\/v2\/users\/1"}],"replies":[{"embeddable":true,"href":"https:\/\/test.vilanovaenlinia.cat\/es\/wp-json\/wp\/v2\/comments?post=818"}],"version-history":[{"count":9,"href":"https:\/\/test.vilanovaenlinia.cat\/es\/wp-json\/wp\/v2\/pages\/818\/revisions"}],"predecessor-version":[{"id":1225,"href":"https:\/\/test.vilanovaenlinia.cat\/es\/wp-json\/wp\/v2\/pages\/818\/revisions\/1225"}],"wp:attachment":[{"href":"https:\/\/test.vilanovaenlinia.cat\/es\/wp-json\/wp\/v2\/media?parent=818"}],"curies":[{"name":"wp","href":"https:\/\/api.w.org\/{rel}","templated":true}]}}