{"id":829,"date":"2024-11-24T15:21:01","date_gmt":"2024-11-24T15:21:01","guid":{"rendered":"https:\/\/test.vilanovaenlinia.cat\/participa\/"},"modified":"2025-01-20T15:54:06","modified_gmt":"2025-01-20T15:54:06","slug":"participa","status":"publish","type":"page","link":"https:\/\/test.vilanovaenlinia.cat\/es\/participa\/","title":{"rendered":"Participa"},"content":{"rendered":"\t\t<div data-elementor-type=\"wp-page\" data-elementor-id=\"829\" class=\"elementor elementor-829 elementor-405\" data-elementor-post-type=\"page\">\n\t\t\t\t<div class=\"elementor-element elementor-element-61e20db e-flex e-con-boxed qodef-elementor-content-no e-con e-parent\" data-id=\"61e20db\" data-element_type=\"container\" data-settings=\"{&quot;jet_parallax_layout_list&quot;:[]}\">\n\t\t\t\t\t<div class=\"e-con-inner\">\n\t\t\t\t<div class=\"elementor-element elementor-element-95bbbfe elementor-widget elementor-widget-image\" data-id=\"95bbbfe\" data-element_type=\"widget\" data-widget_type=\"image.default\">\n\t\t\t\t<div class=\"elementor-widget-container\">\n\t\t\t\t\t\t\t\t\t\t\t\t\t\t\t<img fetchpriority=\"high\" decoding=\"async\" width=\"800\" height=\"95\" src=\"https:\/\/test.vilanovaenlinia.cat\/wp-content\/uploads\/2024\/11\/SDG_website_banner_S-1024x122.png\" class=\"attachment-large size-large wp-image-472\" alt=\"\" srcset=\"https:\/\/test.vilanovaenlinia.cat\/wp-content\/uploads\/2024\/11\/SDG_website_banner_S-1024x122.png 1024w, https:\/\/test.vilanovaenlinia.cat\/wp-content\/uploads\/2024\/11\/SDG_website_banner_S-600x71.png 600w, https:\/\/test.vilanovaenlinia.cat\/wp-content\/uploads\/2024\/11\/SDG_website_banner_S-300x36.png 300w, https:\/\/test.vilanovaenlinia.cat\/wp-content\/uploads\/2024\/11\/SDG_website_banner_S-768x91.png 768w, https:\/\/test.vilanovaenlinia.cat\/wp-content\/uploads\/2024\/11\/SDG_website_banner_S-1536x183.png 1536w, https:\/\/test.vilanovaenlinia.cat\/wp-content\/uploads\/2024\/11\/SDG_website_banner_S.png 1683w\" sizes=\"(max-width: 800px) 100vw, 800px\" \/>\t\t\t\t\t\t\t\t\t\t\t\t\t\t\t<\/div>\n\t\t\t\t<\/div>\n\t\t\t\t\t<\/div>\n\t\t\t\t<\/div>\n\t\t<div class=\"elementor-element elementor-element-3bc7ca1 e-flex e-con-boxed qodef-elementor-content-no e-con e-parent\" data-id=\"3bc7ca1\" data-element_type=\"container\" data-settings=\"{&quot;jet_parallax_layout_list&quot;:[]}\">\n\t\t\t\t\t<div class=\"e-con-inner\">\n\t\t<div class=\"elementor-element elementor-element-acac00b e-con-full e-flex qodef-elementor-content-no e-con e-child\" data-id=\"acac00b\" data-element_type=\"container\" data-settings=\"{&quot;jet_parallax_layout_list&quot;:[]}\">\n\t\t\t\t<div class=\"elementor-element elementor-element-35143aa elementor-widget elementor-widget-image\" data-id=\"35143aa\" data-element_type=\"widget\" data-widget_type=\"image.default\">\n\t\t\t\t<div class=\"elementor-widget-container\">\n\t\t\t\t\t\t\t\t\t\t\t\t\t\t\t<img decoding=\"async\" width=\"500\" height=\"500\" src=\"https:\/\/test.vilanovaenlinia.cat\/wp-content\/uploads\/2024\/11\/Team-spirit-cuate.svg\" class=\"attachment-large size-large wp-image-491\" alt=\"\" \/>\t\t\t\t\t\t\t\t\t\t\t\t\t\t\t<\/div>\n\t\t\t\t<\/div>\n\t\t\t\t<\/div>\n\t\t<div class=\"elementor-element elementor-element-ae24385 e-con-full e-flex qodef-elementor-content-no e-con e-child\" data-id=\"ae24385\" data-element_type=\"container\" data-settings=\"{&quot;jet_parallax_layout_list&quot;:[]}\">\n\t\t\t\t<div class=\"elementor-element elementor-element-c538cee elementor-widget elementor-widget-qi_addons_for_elementor_animated_text\" data-id=\"c538cee\" data-element_type=\"widget\" data-widget_type=\"qi_addons_for_elementor_animated_text.default\">\n\t\t\t\t<div class=\"elementor-widget-container\">\n\t\t\t\t\t<div class=\"qodef-shortcode qodef-m qodef-qi-animated-text qodef--animated-by-word qodef-qi--has-appear qodef--appear-from-bottom\" >\n\t\t<h1 class=\"qodef-m-title\">\n\t\t<span class=\"qodef-e-word\">PARTICIPA<\/span>\t<\/h1>\n<\/div>\n\t\t\t\t<\/div>\n\t\t\t\t<\/div>\n\t\t\t\t<div class=\"elementor-element elementor-element-1d59071 elementor-widget elementor-widget-text-editor\" data-id=\"1d59071\" data-element_type=\"widget\" data-widget_type=\"text-editor.default\">\n\t\t\t\t<div class=\"elementor-widget-container\">\n\t\t\t\t\t\t\t\t\t<p>El Ayuntamiento de Vilanova del Cam\u00ed ha impulsado un proceso participativo para garantizar que el dise\u00f1o de las pol\u00edticas locales vinculadas a la Agenda 2030 refleje las necesidades, inquietudes y potencialidades de la comunidad. Este ejercicio colaborativo ha sido fundamental para traducir los grandes objetivos globales en acciones tangibles y adaptadas a la realidad del municipio. <\/p>\n<p>El proceso ha contado con la implicaci\u00f3n activa de 62 personas, representantes de una amplia variedad de sectores sociales y econ\u00f3micos. Entre ellos destacan entidades culturales, deportivas y solidarias, el tejido productivo, la comunidad educativa, las asociaciones de familias de alumnos y el personal del Centro de Atenci\u00f3n Primaria. <\/p>\n<p>A trav\u00e9s de cuestionarios espec\u00edficos para cada \u00e1mbito y otros de car\u00e1cter transversal, se han recogido datos valiosos que han permitido conocer el grado de alineaci\u00f3n de estos agentes sociales con los Objetivos de Desarrollo Sostenible (ODS).<\/p>\n<p>Este informe tambi\u00e9n refleja un doble prop\u00f3sito: por un lado, analizar el punto de partida de Vilanova del Cam\u00ed en su adaptaci\u00f3n a los ODS y, por otro, inspirar nuevas acciones y reforzar las existentes.<\/p>\n<p>Los datos recopilados muestran una poblaci\u00f3n altamente concienciada sobre la importancia del desarrollo sostenible. Un 97% de los participantes considera esencial trabajar para cumplir los ODS, poniendo de manifiesto el compromiso ciudadano. Sin embargo, tambi\u00e9n se ha identificado que el 53% de las personas encuestadas desconoce la Agenda 2030, lo que abre la puerta a una mayor labor de sensibilizaci\u00f3n y difusi\u00f3n.  <\/p>\n\t\t\t\t\t\t\t\t<\/div>\n\t\t\t\t<\/div>\n\t\t\t\t<\/div>\n\t\t\t\t\t<\/div>\n\t\t\t\t<\/div>\n\t\t<div class=\"elementor-element elementor-element-4038fd2 e-flex e-con-boxed qodef-elementor-content-no e-con e-parent\" data-id=\"4038fd2\" data-element_type=\"container\" data-settings=\"{&quot;jet_parallax_layout_list&quot;:[]}\">\n\t\t\t\t\t<div class=\"e-con-inner\">\n\t\t<div class=\"elementor-element elementor-element-a7437e6 e-con-full e-flex qodef-elementor-content-no e-con e-child\" data-id=\"a7437e6\" data-element_type=\"container\" data-settings=\"{&quot;jet_parallax_layout_list&quot;:[]}\">\n\t\t\t\t<div class=\"elementor-element elementor-element-47ac103 elementor-widget elementor-widget-text-editor\" data-id=\"47ac103\" data-element_type=\"widget\" data-widget_type=\"text-editor.default\">\n\t\t\t\t<div class=\"elementor-widget-container\">\n\t\t\t\t\t\t\t\t\t<p>La participaci\u00f3n ha permitido abordar temas clave como la igualdad de g\u00e9nero, el acceso a la educaci\u00f3n y la salud, la sostenibilidad ambiental y energ\u00e9tica, y la cohesi\u00f3n social. Las aportaciones de los diferentes agentes han sido fundamentales para identificar fortalezas, como el compromiso con la igualdad en las actividades municipales (95%) o el acceso igualitario al sistema educativo (100%). A la vez, tambi\u00e9n se han detectado \u00e1mbitos con margen de mejora, como la accesibilidad de las instalaciones para personas con diversidad funcional (69%) o la necesidad de impulsar energ\u00edas renovables (solo un 33% de los encuestados tiene acceso a ellas).  <\/p>\n<p>El proceso participativo no solo ha sido una herramienta para recopilar informaci\u00f3n, sino tambi\u00e9n un espacio para fomentar la implicaci\u00f3n ciudadana y la corresponsabilidad en la construcci\u00f3n de un municipio m\u00e1s justo, inclusivo y sostenible.<\/p>\n<p>Este informe es, por tanto, el resultado de un trabajo conjunto que evidencia que la colaboraci\u00f3n entre el gobierno local, las entidades y la ciudadan\u00eda es clave para avanzar hacia los objetivos de la Agenda 2030.<\/p>\n<p>Vilanova del Cam\u00ed tiene, con estos datos, una herramienta estrat\u00e9gica para orientar sus esfuerzos y prioridades en el camino hacia un futuro sostenible. Gracias a la implicaci\u00f3n de todos los sectores sociales, el municipio est\u00e1 mejor preparado para abordar los retos globales desde una perspectiva local, haciendo del desarrollo sostenible un compromiso real y colectivo. <\/p>\n\t\t\t\t\t\t\t\t<\/div>\n\t\t\t\t<\/div>\n\t\t\t\t<div class=\"elementor-element elementor-element-f52c3fd elementor-widget elementor-widget-button\" data-id=\"f52c3fd\" data-element_type=\"widget\" data-widget_type=\"button.default\">\n\t\t\t\t<div class=\"elementor-widget-container\">\n\t\t\t\t\t\t\t\t\t<div class=\"elementor-button-wrapper\">\n\t\t\t\t\t<a class=\"elementor-button elementor-button-link elementor-size-sm\" href=\"https:\/\/test.vilanovaenlinia.cat\/wp-content\/uploads\/2024\/12\/INFORME-PARTICIPACIO-AGENDA-2030.pdf\">\n\t\t\t\t\t\t<span class=\"elementor-button-content-wrapper\">\n\t\t\t\t\t\t\t\t\t<span class=\"elementor-button-text\">Consulta el informe completo <\/span>\n\t\t\t\t\t<\/span>\n\t\t\t\t\t<\/a>\n\t\t\t\t<\/div>\n\t\t\t\t\t\t\t\t<\/div>\n\t\t\t\t<\/div>\n\t\t\t\t<\/div>\n\t\t<div class=\"elementor-element elementor-element-b28d4ef e-con-full e-flex qodef-elementor-content-no e-con e-child\" data-id=\"b28d4ef\" data-element_type=\"container\" data-settings=\"{&quot;jet_parallax_layout_list&quot;:[]}\">\n\t\t\t\t<div class=\"elementor-element elementor-element-e3a20f4 elementor-widget elementor-widget-text-editor\" data-id=\"e3a20f4\" data-element_type=\"widget\" data-widget_type=\"text-editor.default\">\n\t\t\t\t<div class=\"elementor-widget-container\">\n\t\t\t\t\t\t\t\t\t<p>Si quieres hacer alguna aportaci\u00f3n respecto de la Agenda 2030, rellena y env\u00eda el formulario.<\/p>\n\t\t\t\t\t\t\t\t<\/div>\n\t\t\t\t<\/div>\n\t\t\t\t<div class=\"elementor-element elementor-element-7193c8b elementor-button-align-stretch elementor-widget elementor-widget-form\" data-id=\"7193c8b\" data-element_type=\"widget\" data-settings=\"{&quot;step_next_label&quot;:&quot;Siguiente&quot;,&quot;step_previous_label&quot;:&quot;Anterior&quot;,&quot;button_width&quot;:&quot;100&quot;,&quot;step_type&quot;:&quot;number_text&quot;,&quot;step_icon_shape&quot;:&quot;circle&quot;}\" data-widget_type=\"form.default\">\n\t\t\t\t<div class=\"elementor-widget-container\">\n\t\t\t\t\t\t\t<form class=\"elementor-form\" method=\"post\" name=\"Nuevo formulario\" aria-label=\"Nuevo formulario\">\n\t\t\t<input type=\"hidden\" name=\"post_id\" value=\"829\"\/>\n\t\t\t<input type=\"hidden\" name=\"form_id\" value=\"7193c8b\"\/>\n\t\t\t<input type=\"hidden\" name=\"referer_title\" value=\"Ajuntament de Vilanova del Cam\u00ed\" \/>\n\n\t\t\t\n\t\t\t<div class=\"elementor-form-fields-wrapper elementor-labels-\">\n\t\t\t\t\t\t\t\t<div class=\"elementor-field-type-text elementor-field-group elementor-column elementor-field-group-name elementor-col-100 elementor-field-required\">\n\t\t\t\t\t\t\t\t\t\t\t\t<label for=\"form-field-name\" class=\"elementor-field-label elementor-screen-only\">\n\t\t\t\t\t\t\t\tNombre y apellidos*\t\t\t\t\t\t\t<\/label>\n\t\t\t\t\t\t\t\t\t\t\t\t\t\t<input size=\"1\" type=\"text\" name=\"form_fields[name]\" id=\"form-field-name\" class=\"elementor-field elementor-size-sm  elementor-field-textual\" placeholder=\"Nombre y apellidos*\" required=\"required\">\n\t\t\t\t\t\t\t\t\t\t\t<\/div>\n\t\t\t\t\t\t\t\t<div class=\"elementor-field-type-email elementor-field-group elementor-column elementor-field-group-email elementor-col-100 elementor-field-required\">\n\t\t\t\t\t\t\t\t\t\t\t\t<label for=\"form-field-email\" class=\"elementor-field-label elementor-screen-only\">\n\t\t\t\t\t\t\t\tCorreo electr\u00f3nico*\t\t\t\t\t\t\t<\/label>\n\t\t\t\t\t\t\t\t\t\t\t\t\t\t<input size=\"1\" type=\"email\" name=\"form_fields[email]\" id=\"form-field-email\" class=\"elementor-field elementor-size-sm  elementor-field-textual\" placeholder=\"Correo electr\u00f3nico*\" required=\"required\">\n\t\t\t\t\t\t\t\t\t\t\t<\/div>\n\t\t\t\t\t\t\t\t<div class=\"elementor-field-type-tel elementor-field-group elementor-column elementor-field-group-field_d1acade elementor-col-100 elementor-field-required\">\n\t\t\t\t\t\t\t\t\t\t\t\t<label for=\"form-field-field_d1acade\" class=\"elementor-field-label elementor-screen-only\">\n\t\t\t\t\t\t\t\tTel\u00e9fono*\t\t\t\t\t\t\t<\/label>\n\t\t\t\t\t\t\t\t<input size=\"1\" type=\"tel\" name=\"form_fields[field_d1acade]\" id=\"form-field-field_d1acade\" class=\"elementor-field elementor-size-sm  elementor-field-textual\" placeholder=\"Tel\u00e9fono*\" required=\"required\" pattern=\"[0-9()#&amp;+*-=.]+\" title=\"Solo se aceptan n\u00fameros y caracteres de tel\u00e9fono (#,-,*,etc).\">\n\n\t\t\t\t\t\t<\/div>\n\t\t\t\t\t\t\t\t<div class=\"elementor-field-type-textarea elementor-field-group elementor-column elementor-field-group-message elementor-col-100\">\n\t\t\t\t\t\t\t\t\t\t\t\t<label for=\"form-field-message\" class=\"elementor-field-label elementor-screen-only\">\n\t\t\t\t\t\t\t\tComentarios\t\t\t\t\t\t\t<\/label>\n\t\t\t\t\t\t<textarea class=\"elementor-field-textual elementor-field  elementor-size-sm\" name=\"form_fields[message]\" id=\"form-field-message\" rows=\"4\" placeholder=\"Comentarios\"><\/textarea>\t\t\t\t<\/div>\n\t\t\t\t\t\t\t\t<div class=\"elementor-field-type-recaptcha_v3 elementor-field-group elementor-column elementor-field-group-field_d9ad6b3 elementor-col-100 recaptcha_v3-bottomright\">\n\t\t\t\t\t<div class=\"elementor-field\" id=\"form-field-field_d9ad6b3\"><div class=\"elementor-g-recaptcha\" data-sitekey=\"6LcRnEgkAAAAAOzoBlkBYlMeYE9vLDWda6ev_Gkk\" data-type=\"v3\" data-action=\"Form\" data-badge=\"bottomright\" data-size=\"invisible\"><\/div><\/div>\t\t\t\t<\/div>\n\t\t\t\t\t\t\t\t<div class=\"elementor-field-type-acceptance elementor-field-group elementor-column elementor-field-group-field_91aec15 elementor-col-100 elementor-field-required\">\n\t\t\t\t\t\t\t<div class=\"elementor-field-subgroup\">\n\t\t\t<span class=\"elementor-field-option\">\n\t\t\t\t<input type=\"checkbox\" name=\"form_fields[field_91aec15]\" id=\"form-field-field_91aec15\" class=\"elementor-field elementor-size-sm  elementor-acceptance-field\" required=\"required\">\n\t\t\t\t<label for=\"form-field-field_91aec15\">S\u00ed, he le\u00eddo y acepto la Pol\u00edtica de privacidad. Permite que mis datos sean almacenados y tratados con fines y\/o intereses leg\u00edtimos<\/label>\t\t\t<\/span>\n\t\t<\/div>\n\t\t\t\t\t\t<\/div>\n\t\t\t\t\t\t\t\t<div class=\"elementor-field-group elementor-column elementor-field-type-submit elementor-col-100 e-form__buttons\">\n\t\t\t\t\t<button class=\"elementor-button elementor-size-sm\" type=\"submit\">\n\t\t\t\t\t\t<span class=\"elementor-button-content-wrapper\">\n\t\t\t\t\t\t\t\t\t\t\t\t\t\t\t\t\t\t\t\t\t\t<span class=\"elementor-button-text\">Enviar<\/span>\n\t\t\t\t\t\t\t\t\t\t\t\t\t<\/span>\n\t\t\t\t\t<\/button>\n\t\t\t\t<\/div>\n\t\t\t<\/div>\n\t\t<\/form>\n\t\t\t\t\t\t<\/div>\n\t\t\t\t<\/div>\n\t\t\t\t<\/div>\n\t\t\t\t\t<\/div>\n\t\t\t\t<\/div>\n\t\t<div class=\"elementor-element elementor-element-5c40ba0 e-flex e-con-boxed qodef-elementor-content-no e-con e-parent\" data-id=\"5c40ba0\" data-element_type=\"container\" data-settings=\"{&quot;background_background&quot;:&quot;classic&quot;,&quot;jet_parallax_layout_list&quot;:[]}\">\n\t\t\t\t\t<div class=\"e-con-inner\">\n\t\t\t\t<div class=\"elementor-element elementor-element-5ccba23 elementor-widget elementor-widget-heading\" data-id=\"5ccba23\" data-element_type=\"widget\" data-widget_type=\"heading.default\">\n\t\t\t\t<div class=\"elementor-widget-container\">\n\t\t\t\t\t<h3 class=\"elementor-heading-title elementor-size-default\">Agenda 2030<\/h3>\t\t\t\t<\/div>\n\t\t\t\t<\/div>\n\t\t\t\t<div class=\"elementor-element elementor-element-75c086e elementor-widget elementor-widget-qi_addons_for_elementor_animated_text\" data-id=\"75c086e\" data-element_type=\"widget\" data-widget_type=\"qi_addons_for_elementor_animated_text.default\">\n\t\t\t\t<div class=\"elementor-widget-container\">\n\t\t\t\t\t<div class=\"qodef-shortcode qodef-m qodef-qi-animated-text qodef--animated-by-word qodef--alignment-center qodef-qi--has-appear qodef--appear-from-bottom\" >\n\t\t<h2 class=\"qodef-m-title\">\n\t\t<span class=\"qodef-e-word\">CALENDARIO<\/span> <span class=\"qodef-e-word\">DE<\/span> <span class=\"qodef-e-word\">EVENTOS<\/span>\t<\/h2>\n<\/div>\n\t\t\t\t<\/div>\n\t\t\t\t<\/div>\n\t\t\t\t<div class=\"elementor-element elementor-element-0c93ffb elementor-grid-4 elementor-grid-tablet-3 elementor-grid-mobile-1 elementor-widget elementor-widget-loop-grid\" data-id=\"0c93ffb\" data-element_type=\"widget\" data-settings=\"{&quot;template_id&quot;:851,&quot;columns&quot;:4,&quot;columns_tablet&quot;:3,&quot;_skin&quot;:&quot;post&quot;,&quot;columns_mobile&quot;:&quot;1&quot;,&quot;edit_handle_selector&quot;:&quot;[data-elementor-type=\\&quot;loop-item\\&quot;]&quot;,&quot;row_gap&quot;:{&quot;unit&quot;:&quot;px&quot;,&quot;size&quot;:&quot;&quot;,&quot;sizes&quot;:[]},&quot;row_gap_widescreen&quot;:{&quot;unit&quot;:&quot;px&quot;,&quot;size&quot;:&quot;&quot;,&quot;sizes&quot;:[]},&quot;row_gap_laptop&quot;:{&quot;unit&quot;:&quot;px&quot;,&quot;size&quot;:&quot;&quot;,&quot;sizes&quot;:[]},&quot;row_gap_tablet_extra&quot;:{&quot;unit&quot;:&quot;px&quot;,&quot;size&quot;:&quot;&quot;,&quot;sizes&quot;:[]},&quot;row_gap_tablet&quot;:{&quot;unit&quot;:&quot;px&quot;,&quot;size&quot;:&quot;&quot;,&quot;sizes&quot;:[]},&quot;row_gap_mobile_extra&quot;:{&quot;unit&quot;:&quot;px&quot;,&quot;size&quot;:&quot;&quot;,&quot;sizes&quot;:[]},&quot;row_gap_mobile&quot;:{&quot;unit&quot;:&quot;px&quot;,&quot;size&quot;:&quot;&quot;,&quot;sizes&quot;:[]}}\" data-widget_type=\"loop-grid.post\">\n\t\t\t\t<div class=\"elementor-widget-container\">\n\t\t\t\t\t\t\t<div class=\"e-loop-nothing-found-message\">\n\t\t<\/div>\n\t\t\t\t\t\t<\/div>\n\t\t\t\t<\/div>\n\t\t\t\t<div class=\"elementor-element elementor-element-094dad4 elementor-widget__width-auto elementor-absolute elementor-widget elementor-widget-image\" data-id=\"094dad4\" data-element_type=\"widget\" data-settings=\"{&quot;_position&quot;:&quot;absolute&quot;}\" data-widget_type=\"image.default\">\n\t\t\t\t<div class=\"elementor-widget-container\">\n\t\t\t\t\t\t\t\t\t\t\t\t\t\t\t<img decoding=\"async\" width=\"795\" height=\"361\" src=\"https:\/\/test.vilanovaenlinia.cat\/wp-content\/uploads\/2024\/11\/icon-double-wave.svg\" class=\"attachment-large size-large wp-image-443\" alt=\"\" \/>\t\t\t\t\t\t\t\t\t\t\t\t\t\t\t<\/div>\n\t\t\t\t<\/div>\n\t\t\t\t\t<\/div>\n\t\t\t\t<\/div>\n\t\t\t\t<\/div>\n\t\t","protected":false},"excerpt":{"rendered":"<p>PARTICIPA El Ayuntamiento de Vilanova del Cam\u00ed ha impulsado un proceso participativo para garantizar que el dise\u00f1o de las pol\u00edticas locales vinculadas a la Agenda 2030 refleje las necesidades, inquietudes y potencialidades de la comunidad. Este ejercicio colaborativo ha sido fundamental para traducir los grandes objetivos globales en acciones tangibles y adaptadas a la realidad [&hellip;]<\/p>\n","protected":false},"author":1,"featured_media":0,"parent":0,"menu_order":0,"comment_status":"closed","ping_status":"closed","template":"","meta":{"_acf_changed":false,"footnotes":""},"class_list":["post-829","page","type-page","status-publish","hentry"],"acf":[],"yoast_head":"<!-- This site is optimized with the Yoast SEO plugin v25.5 - https:\/\/yoast.com\/wordpress\/plugins\/seo\/ -->\n<title>Participa - Ajuntament de Vilanova del Cam\u00ed<\/title>\n<meta name=\"robots\" content=\"index, follow, max-snippet:-1, max-image-preview:large, max-video-preview:-1\" \/>\n<link rel=\"canonical\" href=\"https:\/\/test.vilanovaenlinia.cat\/es\/participa\/\" \/>\n<meta property=\"og:locale\" content=\"es_ES\" \/>\n<meta property=\"og:type\" content=\"article\" \/>\n<meta property=\"og:title\" content=\"Participa - Ajuntament de Vilanova del Cam\u00ed\" \/>\n<meta property=\"og:description\" content=\"PARTICIPA El Ayuntamiento de Vilanova del Cam\u00ed ha impulsado un proceso participativo para garantizar que el dise\u00f1o de las pol\u00edticas locales vinculadas a la Agenda 2030 refleje las necesidades, inquietudes y potencialidades de la comunidad. Este ejercicio colaborativo ha sido fundamental para traducir los grandes objetivos globales en acciones tangibles y adaptadas a la realidad [&hellip;]\" \/>\n<meta property=\"og:url\" content=\"https:\/\/test.vilanovaenlinia.cat\/es\/participa\/\" \/>\n<meta property=\"og:site_name\" content=\"Ajuntament de Vilanova del Cam\u00ed\" \/>\n<meta property=\"article:modified_time\" content=\"2025-01-20T15:54:06+00:00\" \/>\n<meta property=\"og:image\" content=\"https:\/\/test.vilanovaenlinia.cat\/wp-content\/uploads\/2024\/11\/SDG_website_banner_S.png\" \/>\n\t<meta property=\"og:image:width\" content=\"1683\" \/>\n\t<meta property=\"og:image:height\" content=\"200\" \/>\n\t<meta property=\"og:image:type\" content=\"image\/png\" \/>\n<meta name=\"twitter:card\" content=\"summary_large_image\" \/>\n<meta name=\"twitter:label1\" content=\"Tiempo de lectura\" \/>\n\t<meta name=\"twitter:data1\" content=\"3 minutos\" \/>\n<script type=\"application\/ld+json\" class=\"yoast-schema-graph\">{\"@context\":\"https:\/\/schema.org\",\"@graph\":[{\"@type\":\"WebPage\",\"@id\":\"https:\/\/test.vilanovaenlinia.cat\/es\/participa\/\",\"url\":\"https:\/\/test.vilanovaenlinia.cat\/es\/participa\/\",\"name\":\"Participa - Ajuntament de Vilanova del Cam\u00ed\",\"isPartOf\":{\"@id\":\"https:\/\/test.vilanovaenlinia.cat\/es\/#website\"},\"primaryImageOfPage\":{\"@id\":\"https:\/\/test.vilanovaenlinia.cat\/es\/participa\/#primaryimage\"},\"image\":{\"@id\":\"https:\/\/test.vilanovaenlinia.cat\/es\/participa\/#primaryimage\"},\"thumbnailUrl\":\"https:\/\/test.vilanovaenlinia.cat\/wp-content\/uploads\/2024\/11\/SDG_website_banner_S-1024x122.png\",\"datePublished\":\"2024-11-24T15:21:01+00:00\",\"dateModified\":\"2025-01-20T15:54:06+00:00\",\"breadcrumb\":{\"@id\":\"https:\/\/test.vilanovaenlinia.cat\/es\/participa\/#breadcrumb\"},\"inLanguage\":\"es\",\"potentialAction\":[{\"@type\":\"ReadAction\",\"target\":[\"https:\/\/test.vilanovaenlinia.cat\/es\/participa\/\"]}]},{\"@type\":\"ImageObject\",\"inLanguage\":\"es\",\"@id\":\"https:\/\/test.vilanovaenlinia.cat\/es\/participa\/#primaryimage\",\"url\":\"https:\/\/test.vilanovaenlinia.cat\/wp-content\/uploads\/2024\/11\/SDG_website_banner_S-1024x122.png\",\"contentUrl\":\"https:\/\/test.vilanovaenlinia.cat\/wp-content\/uploads\/2024\/11\/SDG_website_banner_S-1024x122.png\"},{\"@type\":\"BreadcrumbList\",\"@id\":\"https:\/\/test.vilanovaenlinia.cat\/es\/participa\/#breadcrumb\",\"itemListElement\":[{\"@type\":\"ListItem\",\"position\":1,\"name\":\"Portada\",\"item\":\"https:\/\/test.vilanovaenlinia.cat\/es\/\"},{\"@type\":\"ListItem\",\"position\":2,\"name\":\"Participa\"}]},{\"@type\":\"WebSite\",\"@id\":\"https:\/\/test.vilanovaenlinia.cat\/es\/#website\",\"url\":\"https:\/\/test.vilanovaenlinia.cat\/es\/\",\"name\":\"Ajuntament de Vilanova del Cam\u00ed\",\"description\":\"\",\"potentialAction\":[{\"@type\":\"SearchAction\",\"target\":{\"@type\":\"EntryPoint\",\"urlTemplate\":\"https:\/\/test.vilanovaenlinia.cat\/es\/?s={search_term_string}\"},\"query-input\":{\"@type\":\"PropertyValueSpecification\",\"valueRequired\":true,\"valueName\":\"search_term_string\"}}],\"inLanguage\":\"es\"}]}<\/script>\n<!-- \/ Yoast SEO plugin. -->","yoast_head_json":{"title":"Participa - Ajuntament de Vilanova del Cam\u00ed","robots":{"index":"index","follow":"follow","max-snippet":"max-snippet:-1","max-image-preview":"max-image-preview:large","max-video-preview":"max-video-preview:-1"},"canonical":"https:\/\/test.vilanovaenlinia.cat\/es\/participa\/","og_locale":"es_ES","og_type":"article","og_title":"Participa - Ajuntament de Vilanova del Cam\u00ed","og_description":"PARTICIPA El Ayuntamiento de Vilanova del Cam\u00ed ha impulsado un proceso participativo para garantizar que el dise\u00f1o de las pol\u00edticas locales vinculadas a la Agenda 2030 refleje las necesidades, inquietudes y potencialidades de la comunidad. Este ejercicio colaborativo ha sido fundamental para traducir los grandes objetivos globales en acciones tangibles y adaptadas a la realidad [&hellip;]","og_url":"https:\/\/test.vilanovaenlinia.cat\/es\/participa\/","og_site_name":"Ajuntament de Vilanova del Cam\u00ed","article_modified_time":"2025-01-20T15:54:06+00:00","og_image":[{"width":1683,"height":200,"url":"https:\/\/test.vilanovaenlinia.cat\/wp-content\/uploads\/2024\/11\/SDG_website_banner_S.png","type":"image\/png"}],"twitter_card":"summary_large_image","twitter_misc":{"Tiempo de lectura":"3 minutos"},"schema":{"@context":"https:\/\/schema.org","@graph":[{"@type":"WebPage","@id":"https:\/\/test.vilanovaenlinia.cat\/es\/participa\/","url":"https:\/\/test.vilanovaenlinia.cat\/es\/participa\/","name":"Participa - Ajuntament de Vilanova del Cam\u00ed","isPartOf":{"@id":"https:\/\/test.vilanovaenlinia.cat\/es\/#website"},"primaryImageOfPage":{"@id":"https:\/\/test.vilanovaenlinia.cat\/es\/participa\/#primaryimage"},"image":{"@id":"https:\/\/test.vilanovaenlinia.cat\/es\/participa\/#primaryimage"},"thumbnailUrl":"https:\/\/test.vilanovaenlinia.cat\/wp-content\/uploads\/2024\/11\/SDG_website_banner_S-1024x122.png","datePublished":"2024-11-24T15:21:01+00:00","dateModified":"2025-01-20T15:54:06+00:00","breadcrumb":{"@id":"https:\/\/test.vilanovaenlinia.cat\/es\/participa\/#breadcrumb"},"inLanguage":"es","potentialAction":[{"@type":"ReadAction","target":["https:\/\/test.vilanovaenlinia.cat\/es\/participa\/"]}]},{"@type":"ImageObject","inLanguage":"es","@id":"https:\/\/test.vilanovaenlinia.cat\/es\/participa\/#primaryimage","url":"https:\/\/test.vilanovaenlinia.cat\/wp-content\/uploads\/2024\/11\/SDG_website_banner_S-1024x122.png","contentUrl":"https:\/\/test.vilanovaenlinia.cat\/wp-content\/uploads\/2024\/11\/SDG_website_banner_S-1024x122.png"},{"@type":"BreadcrumbList","@id":"https:\/\/test.vilanovaenlinia.cat\/es\/participa\/#breadcrumb","itemListElement":[{"@type":"ListItem","position":1,"name":"Portada","item":"https:\/\/test.vilanovaenlinia.cat\/es\/"},{"@type":"ListItem","position":2,"name":"Participa"}]},{"@type":"WebSite","@id":"https:\/\/test.vilanovaenlinia.cat\/es\/#website","url":"https:\/\/test.vilanovaenlinia.cat\/es\/","name":"Ajuntament de Vilanova del Cam\u00ed","description":"","potentialAction":[{"@type":"SearchAction","target":{"@type":"EntryPoint","urlTemplate":"https:\/\/test.vilanovaenlinia.cat\/es\/?s={search_term_string}"},"query-input":{"@type":"PropertyValueSpecification","valueRequired":true,"valueName":"search_term_string"}}],"inLanguage":"es"}]}},"_links":{"self":[{"href":"https:\/\/test.vilanovaenlinia.cat\/es\/wp-json\/wp\/v2\/pages\/829","targetHints":{"allow":["GET"]}}],"collection":[{"href":"https:\/\/test.vilanovaenlinia.cat\/es\/wp-json\/wp\/v2\/pages"}],"about":[{"href":"https:\/\/test.vilanovaenlinia.cat\/es\/wp-json\/wp\/v2\/types\/page"}],"author":[{"embeddable":true,"href":"https:\/\/test.vilanovaenlinia.cat\/es\/wp-json\/wp\/v2\/users\/1"}],"replies":[{"embeddable":true,"href":"https:\/\/test.vilanovaenlinia.cat\/es\/wp-json\/wp\/v2\/comments?post=829"}],"version-history":[{"count":6,"href":"https:\/\/test.vilanovaenlinia.cat\/es\/wp-json\/wp\/v2\/pages\/829\/revisions"}],"predecessor-version":[{"id":1386,"href":"https:\/\/test.vilanovaenlinia.cat\/es\/wp-json\/wp\/v2\/pages\/829\/revisions\/1386"}],"wp:attachment":[{"href":"https:\/\/test.vilanovaenlinia.cat\/es\/wp-json\/wp\/v2\/media?parent=829"}],"curies":[{"name":"wp","href":"https:\/\/api.w.org\/{rel}","templated":true}]}}